{"id":74031,"date":"2025-09-24T11:33:27","date_gmt":"2025-09-24T11:33:27","guid":{"rendered":"https:\/\/casafreitas.pt\/loja\/produto\/kit-3-cacarola-o16x8cm-o18x9cm-o20x10cm-em-inoxidavel-click-cook-bergner\/"},"modified":"2025-10-24T00:36:25","modified_gmt":"2025-10-24T00:36:25","slug":"kit-3-cacarola-o16x8cm-o18x9cm-o20x10cm-em-inoxidavel-click-cook-bergner","status":"publish","type":"product","link":"https:\/\/casafreitas.pt\/loja\/produto\/kit-3-cacarola-o16x8cm-o18x9cm-o20x10cm-em-inoxidavel-click-cook-bergner\/","title":{"rendered":"Kit 3 ca\u00e7arola (\u00f816x8cm\/\u00f818x9cm\/\u00f820x10cm) em inoxidavel click &amp; cook bergner"},"content":{"rendered":"","protected":false},"excerpt":{"rendered":"<p>Kit 3 ca\u00e7arola em inox click &amp; cook bergner. jogo de 3 ca\u00e7arolas inox. \u00f816&#215;8.0cm 1.5l, \u00f818&#215;9.0cm 2.1l , \u00f820x10cm 3.0l com cabo desmont\u00e1vel universal de baquelita. apto para indu\u00e7\u00e3o<\/p>\n","protected":false},"featured_media":74030,"comment_status":"open","ping_status":"closed","template":"","meta":[],"product_brand":[],"product_cat":[17004,8800],"product_tag":[],"class_list":{"0":"post-74031","1":"product","2":"type-product","3":"status-publish","4":"has-post-thumbnail","6":"product_cat-cacarolas-pequenos-domesticos-28","7":"product_cat-pequenos-domesticos","9":"first","10":"instock","11":"taxable","12":"shipping-taxable","13":"purchasable","14":"product-type-simple"},"_links":{"self":[{"href":"https:\/\/casafreitas.pt\/loja\/wp-json\/wp\/v2\/product\/74031","targetHints":{"allow":["GET"]}}],"collection":[{"href":"https:\/\/casafreitas.pt\/loja\/wp-json\/wp\/v2\/product"}],"about":[{"href":"https:\/\/casafreitas.pt\/loja\/wp-json\/wp\/v2\/types\/product"}],"replies":[{"embeddable":true,"href":"https:\/\/casafreitas.pt\/loja\/wp-json\/wp\/v2\/comments?post=74031"}],"version-history":[{"count":1,"href":"https:\/\/casafreitas.pt\/loja\/wp-json\/wp\/v2\/product\/74031\/revisions"}],"predecessor-version":[{"id":74032,"href":"https:\/\/casafreitas.pt\/loja\/wp-json\/wp\/v2\/product\/74031\/revisions\/74032"}],"wp:featuredmedia":[{"embeddable":true,"href":"https:\/\/casafreitas.pt\/loja\/wp-json\/wp\/v2\/media\/74030"}],"wp:attachment":[{"href":"https:\/\/casafreitas.pt\/loja\/wp-json\/wp\/v2\/media?parent=74031"}],"wp:term":[{"taxonomy":"product_brand","embeddable":true,"href":"https:\/\/casafreitas.pt\/loja\/wp-json\/wp\/v2\/product_brand?post=74031"},{"taxonomy":"product_cat","embeddable":true,"href":"https:\/\/casafreitas.pt\/loja\/wp-json\/wp\/v2\/product_cat?post=74031"},{"taxonomy":"product_tag","embeddable":true,"href":"https:\/\/casafreitas.pt\/loja\/wp-json\/wp\/v2\/product_tag?post=74031"}],"curies":[{"name":"wp","href":"https:\/\/api.w.org\/{rel}","templated":true}]}}