{"id":73959,"date":"2025-09-24T11:30:40","date_gmt":"2025-09-24T11:30:40","guid":{"rendered":"https:\/\/casafreitas.pt\/loja\/produto\/wok-26cm-al-marb-forj-ind-toledo-sg-6268-san-ignacio\/"},"modified":"2025-10-24T00:36:20","modified_gmt":"2025-10-24T00:36:20","slug":"wok-26cm-al-marb-forj-ind-toledo-sg-6268-san-ignacio","status":"publish","type":"product","link":"https:\/\/casafreitas.pt\/loja\/produto\/wok-26cm-al-marb-forj-ind-toledo-sg-6268-san-ignacio\/","title":{"rendered":"Wok 26cm al marb forj ind toledo sg-6268 san ignacio"},"content":{"rendered":"","protected":false},"excerpt":{"rendered":"<p>Uma frigideira de alta qualidade. os materiais utilizado na fabrica\u00e7\u00e3o deste produto conferem uma resist\u00eancia excepcional tanto aos impactos como \u00e0s altas temperaturas, evitando deforma\u00e7\u00f5es. um wok fabricado em alum\u00ednio forjado. este material faz com que o calor se distribuia rapidamente e de modo uniforme pela superf\u00edcie da frigideira, al\u00e9m de que permite reter melhor a temperatura, para cozinhas de indu\u00e7\u00e3o. este produto pode ser usado com total confian\u00e7a sobre todo o tipo de fontes de calor. desde as tradicionais cozinhas a g\u00e1s e placas de indu\u00e7\u00e3o<\/p>\n","protected":false},"featured_media":73958,"comment_status":"open","ping_status":"closed","template":"","meta":[],"product_brand":[],"product_cat":[8800,13524],"product_tag":[],"class_list":{"0":"post-73959","1":"product","2":"type-product","3":"status-publish","4":"has-post-thumbnail","6":"product_cat-pequenos-domesticos","7":"product_cat-wok","9":"first","10":"instock","11":"taxable","12":"shipping-taxable","13":"purchasable","14":"product-type-simple"},"_links":{"self":[{"href":"https:\/\/casafreitas.pt\/loja\/wp-json\/wp\/v2\/product\/73959","targetHints":{"allow":["GET"]}}],"collection":[{"href":"https:\/\/casafreitas.pt\/loja\/wp-json\/wp\/v2\/product"}],"about":[{"href":"https:\/\/casafreitas.pt\/loja\/wp-json\/wp\/v2\/types\/product"}],"replies":[{"embeddable":true,"href":"https:\/\/casafreitas.pt\/loja\/wp-json\/wp\/v2\/comments?post=73959"}],"version-history":[{"count":1,"href":"https:\/\/casafreitas.pt\/loja\/wp-json\/wp\/v2\/product\/73959\/revisions"}],"predecessor-version":[{"id":73960,"href":"https:\/\/casafreitas.pt\/loja\/wp-json\/wp\/v2\/product\/73959\/revisions\/73960"}],"wp:featuredmedia":[{"embeddable":true,"href":"https:\/\/casafreitas.pt\/loja\/wp-json\/wp\/v2\/media\/73958"}],"wp:attachment":[{"href":"https:\/\/casafreitas.pt\/loja\/wp-json\/wp\/v2\/media?parent=73959"}],"wp:term":[{"taxonomy":"product_brand","embeddable":true,"href":"https:\/\/casafreitas.pt\/loja\/wp-json\/wp\/v2\/product_brand?post=73959"},{"taxonomy":"product_cat","embeddable":true,"href":"https:\/\/casafreitas.pt\/loja\/wp-json\/wp\/v2\/product_cat?post=73959"},{"taxonomy":"product_tag","embeddable":true,"href":"https:\/\/casafreitas.pt\/loja\/wp-json\/wp\/v2\/product_tag?post=73959"}],"curies":[{"name":"wp","href":"https:\/\/api.w.org\/{rel}","templated":true}]}}