{"id":73845,"date":"2025-09-24T11:25:41","date_gmt":"2025-09-24T11:25:41","guid":{"rendered":"https:\/\/casafreitas.pt\/loja\/produto\/trem-cozinha-5-pecas-em-inox-ind-cassel-sg8171-san-ignacio\/"},"modified":"2025-10-24T00:36:09","modified_gmt":"2025-10-24T00:36:09","slug":"trem-cozinha-5-pecas-em-inox-ind-cassel-sg8171-san-ignacio","status":"publish","type":"product","link":"https:\/\/casafreitas.pt\/loja\/produto\/trem-cozinha-5-pecas-em-inox-ind-cassel-sg8171-san-ignacio\/","title":{"rendered":"Trem de cozinha de 5 pe\u00e7as em inox ind cassel sg8171 san ignacio"},"content":{"rendered":"","protected":false},"excerpt":{"rendered":"<p>Trem de cozinha de 5 pe\u00e7as em inox ind cassel sg8171 san ignacio. o trem inclui: 1un tacho \u00f816&#215;7,5cm. 1un panela com tampa \u00f818&#215;8,5cm. 1un panela com tampa \u00f820&#215;9,5cm. trem de cozinha que conta com grande ader\u00eancia, aptas para indu\u00e7\u00e3o. f\u00e1cil de limpar. aptas para m\u00e1quina lava-loi\u00e7as. excelente durabilidade e condutividade do calor, fabricadas em inox. tampas de vidro temperado o qual permite ter visibilidade do que est\u00e1 no interior dos recipientes, sem necessidade de o destapar, melhorando a reten\u00e7\u00e3o do calor e poupando<\/p>\n","protected":false},"featured_media":73844,"comment_status":"open","ping_status":"closed","template":"","meta":[],"product_brand":[],"product_cat":[13520,8800],"product_tag":[],"class_list":{"0":"post-73845","1":"product","2":"type-product","3":"status-publish","4":"has-post-thumbnail","6":"product_cat-panelas","7":"product_cat-pequenos-domesticos","9":"first","10":"instock","11":"taxable","12":"shipping-taxable","13":"purchasable","14":"product-type-simple"},"_links":{"self":[{"href":"https:\/\/casafreitas.pt\/loja\/wp-json\/wp\/v2\/product\/73845","targetHints":{"allow":["GET"]}}],"collection":[{"href":"https:\/\/casafreitas.pt\/loja\/wp-json\/wp\/v2\/product"}],"about":[{"href":"https:\/\/casafreitas.pt\/loja\/wp-json\/wp\/v2\/types\/product"}],"replies":[{"embeddable":true,"href":"https:\/\/casafreitas.pt\/loja\/wp-json\/wp\/v2\/comments?post=73845"}],"version-history":[{"count":1,"href":"https:\/\/casafreitas.pt\/loja\/wp-json\/wp\/v2\/product\/73845\/revisions"}],"predecessor-version":[{"id":73846,"href":"https:\/\/casafreitas.pt\/loja\/wp-json\/wp\/v2\/product\/73845\/revisions\/73846"}],"wp:featuredmedia":[{"embeddable":true,"href":"https:\/\/casafreitas.pt\/loja\/wp-json\/wp\/v2\/media\/73844"}],"wp:attachment":[{"href":"https:\/\/casafreitas.pt\/loja\/wp-json\/wp\/v2\/media?parent=73845"}],"wp:term":[{"taxonomy":"product_brand","embeddable":true,"href":"https:\/\/casafreitas.pt\/loja\/wp-json\/wp\/v2\/product_brand?post=73845"},{"taxonomy":"product_cat","embeddable":true,"href":"https:\/\/casafreitas.pt\/loja\/wp-json\/wp\/v2\/product_cat?post=73845"},{"taxonomy":"product_tag","embeddable":true,"href":"https:\/\/casafreitas.pt\/loja\/wp-json\/wp\/v2\/product_tag?post=73845"}],"curies":[{"name":"wp","href":"https:\/\/api.w.org\/{rel}","templated":true}]}}