{"id":73842,"date":"2025-09-24T11:25:34","date_gmt":"2025-09-24T11:25:34","guid":{"rendered":"https:\/\/casafreitas.pt\/loja\/produto\/panela-pressao-o22cm-6l-inox-creta-sg-1523-san-ignacio\/"},"modified":"2025-10-24T00:36:09","modified_gmt":"2025-10-24T00:36:09","slug":"panela-pressao-o22cm-6l-inox-creta-sg-1523-san-ignacio","status":"publish","type":"product","link":"https:\/\/casafreitas.pt\/loja\/produto\/panela-pressao-o22cm-6l-inox-creta-sg-1523-san-ignacio\/","title":{"rendered":"Panela de press\u00e3o \u00f822cm 6l inox creta sg-1523 san ignacio"},"content":{"rendered":"","protected":false},"excerpt":{"rendered":"<p>Panela de press\u00e3o \u00f822cm 6l inox creta sg-1523 san ignacio. panela compat\u00edvel com indu\u00e7\u00e3o. a panela \u00e9 adequada para fog\u00f5es de indu\u00e7\u00e3o e tradicionais, isso expande o uso aos usu\u00e1rios ao mesmo tempo que cozinha os alimentos com efici\u00eancia. mecanismo de press\u00e3o. panela r\u00e1pida caracteriza-se pela sua efici\u00eancia na cozinha, gra\u00e7as \u00e0 distribui\u00e7\u00e3o proporcional do calor dentro de suas paredes. grande capacidade de armazenamento. o tamanho desta panela de 6 litros permite maior armazenamento de alimentos, o que proporciona uma prepara\u00e7\u00e3o mais r\u00e1pida e igualmente eficiente. feito em a\u00e7o inox. seu material de fabrica\u00e7\u00e3o \u00e9 respons\u00e1vel por manter o estado \u00f3timo dos alimentos. da mesma forma, evitam o desgaste da pe\u00e7a pelo calor. pega ergon\u00f4mica. o desenho do pega com efeito frio permite segura<\/p>\n","protected":false},"featured_media":73841,"comment_status":"open","ping_status":"closed","template":"","meta":[],"product_brand":[],"product_cat":[13519,8800],"product_tag":[],"class_list":{"0":"post-73842","1":"product","2":"type-product","3":"status-publish","4":"has-post-thumbnail","6":"product_cat-panela-de-pressao","7":"product_cat-pequenos-domesticos","9":"first","10":"instock","11":"taxable","12":"shipping-taxable","13":"purchasable","14":"product-type-simple"},"_links":{"self":[{"href":"https:\/\/casafreitas.pt\/loja\/wp-json\/wp\/v2\/product\/73842","targetHints":{"allow":["GET"]}}],"collection":[{"href":"https:\/\/casafreitas.pt\/loja\/wp-json\/wp\/v2\/product"}],"about":[{"href":"https:\/\/casafreitas.pt\/loja\/wp-json\/wp\/v2\/types\/product"}],"replies":[{"embeddable":true,"href":"https:\/\/casafreitas.pt\/loja\/wp-json\/wp\/v2\/comments?post=73842"}],"version-history":[{"count":1,"href":"https:\/\/casafreitas.pt\/loja\/wp-json\/wp\/v2\/product\/73842\/revisions"}],"predecessor-version":[{"id":73843,"href":"https:\/\/casafreitas.pt\/loja\/wp-json\/wp\/v2\/product\/73842\/revisions\/73843"}],"wp:featuredmedia":[{"embeddable":true,"href":"https:\/\/casafreitas.pt\/loja\/wp-json\/wp\/v2\/media\/73841"}],"wp:attachment":[{"href":"https:\/\/casafreitas.pt\/loja\/wp-json\/wp\/v2\/media?parent=73842"}],"wp:term":[{"taxonomy":"product_brand","embeddable":true,"href":"https:\/\/casafreitas.pt\/loja\/wp-json\/wp\/v2\/product_brand?post=73842"},{"taxonomy":"product_cat","embeddable":true,"href":"https:\/\/casafreitas.pt\/loja\/wp-json\/wp\/v2\/product_cat?post=73842"},{"taxonomy":"product_tag","embeddable":true,"href":"https:\/\/casafreitas.pt\/loja\/wp-json\/wp\/v2\/product_tag?post=73842"}],"curies":[{"name":"wp","href":"https:\/\/api.w.org\/{rel}","templated":true}]}}