{"id":73734,"date":"2025-09-24T11:00:45","date_gmt":"2025-09-24T11:00:45","guid":{"rendered":"https:\/\/casafreitas.pt\/loja\/produto\/guarda-chuva-automatico-estampados-ovais-com-uv-50-cores-sortidas\/"},"modified":"2025-10-24T00:35:59","modified_gmt":"2025-10-24T00:35:59","slug":"guarda-chuva-automatico-estampados-ovais-com-uv-50-cores-sortidas","status":"publish","type":"product","link":"https:\/\/casafreitas.pt\/loja\/produto\/guarda-chuva-automatico-estampados-ovais-com-uv-50-cores-sortidas\/","title":{"rendered":"Guarda-chuva autom\u00e1tico estampados ovais com uv 50+, cores sortidas"},"content":{"rendered":"","protected":false},"excerpt":{"rendered":"<p>Guarda-chuva dobr\u00e1vel autom\u00e1tico com capa, estampado geom\u00e9trico oval. cores sortidas. abertura autom\u00e1tica. tecnologia windproof \u00e0 prova de vento, com prote\u00e7\u00e3o uv 50+, \u00f81 m, dimens\u00f5es fechado 6 x 4 x 30 cm<\/p>\n","protected":false},"featured_media":73733,"comment_status":"open","ping_status":"closed","template":"","meta":[],"product_brand":[],"product_cat":[17705,18003],"product_tag":[],"class_list":{"0":"post-73734","1":"product","2":"type-product","3":"status-publish","4":"has-post-thumbnail","6":"product_cat-guarda-chuvas-suportes-para-guarda-chuvas-casa-e-decoracao","7":"product_cat-casa-decoracao","9":"first","10":"instock","11":"taxable","12":"shipping-taxable","13":"purchasable","14":"product-type-simple"},"_links":{"self":[{"href":"https:\/\/casafreitas.pt\/loja\/wp-json\/wp\/v2\/product\/73734","targetHints":{"allow":["GET"]}}],"collection":[{"href":"https:\/\/casafreitas.pt\/loja\/wp-json\/wp\/v2\/product"}],"about":[{"href":"https:\/\/casafreitas.pt\/loja\/wp-json\/wp\/v2\/types\/product"}],"replies":[{"embeddable":true,"href":"https:\/\/casafreitas.pt\/loja\/wp-json\/wp\/v2\/comments?post=73734"}],"version-history":[{"count":1,"href":"https:\/\/casafreitas.pt\/loja\/wp-json\/wp\/v2\/product\/73734\/revisions"}],"predecessor-version":[{"id":73735,"href":"https:\/\/casafreitas.pt\/loja\/wp-json\/wp\/v2\/product\/73734\/revisions\/73735"}],"wp:featuredmedia":[{"embeddable":true,"href":"https:\/\/casafreitas.pt\/loja\/wp-json\/wp\/v2\/media\/73733"}],"wp:attachment":[{"href":"https:\/\/casafreitas.pt\/loja\/wp-json\/wp\/v2\/media?parent=73734"}],"wp:term":[{"taxonomy":"product_brand","embeddable":true,"href":"https:\/\/casafreitas.pt\/loja\/wp-json\/wp\/v2\/product_brand?post=73734"},{"taxonomy":"product_cat","embeddable":true,"href":"https:\/\/casafreitas.pt\/loja\/wp-json\/wp\/v2\/product_cat?post=73734"},{"taxonomy":"product_tag","embeddable":true,"href":"https:\/\/casafreitas.pt\/loja\/wp-json\/wp\/v2\/product_tag?post=73734"}],"curies":[{"name":"wp","href":"https:\/\/api.w.org\/{rel}","templated":true}]}}