{"id":73725,"date":"2025-09-24T11:00:22","date_gmt":"2025-09-24T11:00:22","guid":{"rendered":"https:\/\/casafreitas.pt\/loja\/produto\/estacao-meteorologica-sem-fio\/"},"modified":"2025-10-24T00:35:59","modified_gmt":"2025-10-24T00:35:59","slug":"estacao-meteorologica-sem-fio","status":"publish","type":"product","link":"https:\/\/casafreitas.pt\/loja\/produto\/estacao-meteorologica-sem-fio\/","title":{"rendered":"Esta\u00e7\u00e3o meteorol\u00f3gica sem fio"},"content":{"rendered":"","protected":false},"excerpt":{"rendered":"<p>Esta\u00e7\u00e3o meteorol\u00f3gica sem fio com sensor remoto de temperatura e umidade para \u00e1reas externas com alcance de at\u00e9 60 m. alcance de temperatura externa de -30 \/ + 70 \u00b0c e alcance de temperatura interna de 0 \/ + 50 \u00b0c. alcance de umidade: interna \/ externa 20 &#8211; 95% ur. mem\u00f3ria, rel\u00f3gio e calend\u00e1rio. visor com luz. inclui suporte de mesa e\/ou montagem na parede. fonte de alimenta\u00e7\u00e3o: 3 x aaa (n\u00e3o inclu\u00eddas)<\/p>\n","protected":false},"featured_media":73724,"comment_status":"open","ping_status":"closed","template":"","meta":[],"product_brand":[],"product_cat":[17698,18003],"product_tag":[12524],"class_list":{"0":"post-73725","1":"product","2":"type-product","3":"status-publish","4":"has-post-thumbnail","6":"product_cat-estacoes-meteorologicas-termometros-casa-e-decoracao","7":"product_cat-casa-decoracao","8":"product_tag-herter","10":"first","11":"instock","12":"taxable","13":"shipping-taxable","14":"purchasable","15":"product-type-simple"},"_links":{"self":[{"href":"https:\/\/casafreitas.pt\/loja\/wp-json\/wp\/v2\/product\/73725","targetHints":{"allow":["GET"]}}],"collection":[{"href":"https:\/\/casafreitas.pt\/loja\/wp-json\/wp\/v2\/product"}],"about":[{"href":"https:\/\/casafreitas.pt\/loja\/wp-json\/wp\/v2\/types\/product"}],"replies":[{"embeddable":true,"href":"https:\/\/casafreitas.pt\/loja\/wp-json\/wp\/v2\/comments?post=73725"}],"version-history":[{"count":1,"href":"https:\/\/casafreitas.pt\/loja\/wp-json\/wp\/v2\/product\/73725\/revisions"}],"predecessor-version":[{"id":73726,"href":"https:\/\/casafreitas.pt\/loja\/wp-json\/wp\/v2\/product\/73725\/revisions\/73726"}],"wp:featuredmedia":[{"embeddable":true,"href":"https:\/\/casafreitas.pt\/loja\/wp-json\/wp\/v2\/media\/73724"}],"wp:attachment":[{"href":"https:\/\/casafreitas.pt\/loja\/wp-json\/wp\/v2\/media?parent=73725"}],"wp:term":[{"taxonomy":"product_brand","embeddable":true,"href":"https:\/\/casafreitas.pt\/loja\/wp-json\/wp\/v2\/product_brand?post=73725"},{"taxonomy":"product_cat","embeddable":true,"href":"https:\/\/casafreitas.pt\/loja\/wp-json\/wp\/v2\/product_cat?post=73725"},{"taxonomy":"product_tag","embeddable":true,"href":"https:\/\/casafreitas.pt\/loja\/wp-json\/wp\/v2\/product_tag?post=73725"}],"curies":[{"name":"wp","href":"https:\/\/api.w.org\/{rel}","templated":true}]}}