{"id":73716,"date":"2025-09-24T10:59:50","date_gmt":"2025-09-24T10:59:50","guid":{"rendered":"https:\/\/casafreitas.pt\/loja\/produto\/queimador-fragrancias-cores-variadas\/"},"modified":"2025-10-30T22:50:37","modified_gmt":"2025-10-30T22:50:37","slug":"queimador-fragrancias-cores-variadas","status":"publish","type":"product","link":"https:\/\/casafreitas.pt\/loja\/produto\/queimador-fragrancias-cores-variadas\/","title":{"rendered":"Queimador de fragr\u00e2ncias, cores variadas"},"content":{"rendered":"","protected":false},"excerpt":{"rendered":"<p>Queimador de fragr\u00e2ncias, porta velas em cer\u00e2mica, cores variadas<\/p>\n","protected":false},"featured_media":73715,"comment_status":"open","ping_status":"closed","template":"","meta":[],"product_brand":[],"product_cat":[17727,18003],"product_tag":[],"class_list":{"0":"post-73716","1":"product","2":"type-product","3":"status-publish","4":"has-post-thumbnail","6":"product_cat-queimadores-oleos-casa-e-decoracao","7":"product_cat-casa-decoracao","9":"first","10":"instock","11":"taxable","12":"shipping-taxable","13":"purchasable","14":"product-type-simple"},"_links":{"self":[{"href":"https:\/\/casafreitas.pt\/loja\/wp-json\/wp\/v2\/product\/73716","targetHints":{"allow":["GET"]}}],"collection":[{"href":"https:\/\/casafreitas.pt\/loja\/wp-json\/wp\/v2\/product"}],"about":[{"href":"https:\/\/casafreitas.pt\/loja\/wp-json\/wp\/v2\/types\/product"}],"replies":[{"embeddable":true,"href":"https:\/\/casafreitas.pt\/loja\/wp-json\/wp\/v2\/comments?post=73716"}],"version-history":[{"count":1,"href":"https:\/\/casafreitas.pt\/loja\/wp-json\/wp\/v2\/product\/73716\/revisions"}],"predecessor-version":[{"id":73717,"href":"https:\/\/casafreitas.pt\/loja\/wp-json\/wp\/v2\/product\/73716\/revisions\/73717"}],"wp:featuredmedia":[{"embeddable":true,"href":"https:\/\/casafreitas.pt\/loja\/wp-json\/wp\/v2\/media\/73715"}],"wp:attachment":[{"href":"https:\/\/casafreitas.pt\/loja\/wp-json\/wp\/v2\/media?parent=73716"}],"wp:term":[{"taxonomy":"product_brand","embeddable":true,"href":"https:\/\/casafreitas.pt\/loja\/wp-json\/wp\/v2\/product_brand?post=73716"},{"taxonomy":"product_cat","embeddable":true,"href":"https:\/\/casafreitas.pt\/loja\/wp-json\/wp\/v2\/product_cat?post=73716"},{"taxonomy":"product_tag","embeddable":true,"href":"https:\/\/casafreitas.pt\/loja\/wp-json\/wp\/v2\/product_tag?post=73716"}],"curies":[{"name":"wp","href":"https:\/\/api.w.org\/{rel}","templated":true}]}}