{"id":73707,"date":"2025-09-24T10:59:26","date_gmt":"2025-09-24T10:59:26","guid":{"rendered":"https:\/\/casafreitas.pt\/loja\/produto\/oleo-essencial-algodao-20-ml\/"},"modified":"2025-10-30T22:50:37","modified_gmt":"2025-10-30T22:50:37","slug":"oleo-essencial-algodao-20-ml","status":"publish","type":"product","link":"https:\/\/casafreitas.pt\/loja\/produto\/oleo-essencial-algodao-20-ml\/","title":{"rendered":"\u00d3leo essencial de algod\u00e3o 20 ml"},"content":{"rendered":"","protected":false},"excerpt":{"rendered":"<p>\u00d3leo essencial de algod\u00e3o, pode ser utilizado para usos relaxantes, massagens, frigor\u00edfico de ar natural, etc. cont\u00e9m 20ml<\/p>\n","protected":false},"featured_media":73706,"comment_status":"open","ping_status":"closed","template":"","meta":[],"product_brand":[],"product_cat":[17727,18003],"product_tag":[],"class_list":{"0":"post-73707","1":"product","2":"type-product","3":"status-publish","4":"has-post-thumbnail","6":"product_cat-queimadores-oleos-casa-e-decoracao","7":"product_cat-casa-decoracao","9":"first","10":"instock","11":"taxable","12":"shipping-taxable","13":"purchasable","14":"product-type-simple"},"_links":{"self":[{"href":"https:\/\/casafreitas.pt\/loja\/wp-json\/wp\/v2\/product\/73707","targetHints":{"allow":["GET"]}}],"collection":[{"href":"https:\/\/casafreitas.pt\/loja\/wp-json\/wp\/v2\/product"}],"about":[{"href":"https:\/\/casafreitas.pt\/loja\/wp-json\/wp\/v2\/types\/product"}],"replies":[{"embeddable":true,"href":"https:\/\/casafreitas.pt\/loja\/wp-json\/wp\/v2\/comments?post=73707"}],"version-history":[{"count":1,"href":"https:\/\/casafreitas.pt\/loja\/wp-json\/wp\/v2\/product\/73707\/revisions"}],"predecessor-version":[{"id":73708,"href":"https:\/\/casafreitas.pt\/loja\/wp-json\/wp\/v2\/product\/73707\/revisions\/73708"}],"wp:featuredmedia":[{"embeddable":true,"href":"https:\/\/casafreitas.pt\/loja\/wp-json\/wp\/v2\/media\/73706"}],"wp:attachment":[{"href":"https:\/\/casafreitas.pt\/loja\/wp-json\/wp\/v2\/media?parent=73707"}],"wp:term":[{"taxonomy":"product_brand","embeddable":true,"href":"https:\/\/casafreitas.pt\/loja\/wp-json\/wp\/v2\/product_brand?post=73707"},{"taxonomy":"product_cat","embeddable":true,"href":"https:\/\/casafreitas.pt\/loja\/wp-json\/wp\/v2\/product_cat?post=73707"},{"taxonomy":"product_tag","embeddable":true,"href":"https:\/\/casafreitas.pt\/loja\/wp-json\/wp\/v2\/product_tag?post=73707"}],"curies":[{"name":"wp","href":"https:\/\/api.w.org\/{rel}","templated":true}]}}