{"id":73647,"date":"2025-09-24T10:56:54","date_gmt":"2025-09-24T10:56:54","guid":{"rendered":"https:\/\/casafreitas.pt\/loja\/produto\/necessaire-23-x-115-x-65-cm\/"},"modified":"2025-10-24T00:35:57","modified_gmt":"2025-10-24T00:35:57","slug":"necessaire-23-x-115-x-65-cm","status":"publish","type":"product","link":"https:\/\/casafreitas.pt\/loja\/produto\/necessaire-23-x-115-x-65-cm\/","title":{"rendered":"N\u00e9cessaire, 23 x 11,5 x 6,5 cm"},"content":{"rendered":"","protected":false},"excerpt":{"rendered":"<p>N\u00e9cessaire em pvc transparente com fecho grosso com fita e grande abertura de enchimento. f\u00e1cil de limpar. material imperme\u00e1vel. medidas: 23 x 11,5 x 6,5 cm \/ 2 l<\/p>\n","protected":false},"featured_media":73646,"comment_status":"open","ping_status":"closed","template":"","meta":[],"product_brand":[],"product_cat":[17712,18003],"product_tag":[],"class_list":{"0":"post-73647","1":"product","2":"type-product","3":"status-publish","4":"has-post-thumbnail","6":"product_cat-malas-viagem-casa-e-decoracao","7":"product_cat-casa-decoracao","9":"first","10":"instock","11":"taxable","12":"shipping-taxable","13":"purchasable","14":"product-type-simple"},"_links":{"self":[{"href":"https:\/\/casafreitas.pt\/loja\/wp-json\/wp\/v2\/product\/73647","targetHints":{"allow":["GET"]}}],"collection":[{"href":"https:\/\/casafreitas.pt\/loja\/wp-json\/wp\/v2\/product"}],"about":[{"href":"https:\/\/casafreitas.pt\/loja\/wp-json\/wp\/v2\/types\/product"}],"replies":[{"embeddable":true,"href":"https:\/\/casafreitas.pt\/loja\/wp-json\/wp\/v2\/comments?post=73647"}],"version-history":[{"count":1,"href":"https:\/\/casafreitas.pt\/loja\/wp-json\/wp\/v2\/product\/73647\/revisions"}],"predecessor-version":[{"id":73648,"href":"https:\/\/casafreitas.pt\/loja\/wp-json\/wp\/v2\/product\/73647\/revisions\/73648"}],"wp:featuredmedia":[{"embeddable":true,"href":"https:\/\/casafreitas.pt\/loja\/wp-json\/wp\/v2\/media\/73646"}],"wp:attachment":[{"href":"https:\/\/casafreitas.pt\/loja\/wp-json\/wp\/v2\/media?parent=73647"}],"wp:term":[{"taxonomy":"product_brand","embeddable":true,"href":"https:\/\/casafreitas.pt\/loja\/wp-json\/wp\/v2\/product_brand?post=73647"},{"taxonomy":"product_cat","embeddable":true,"href":"https:\/\/casafreitas.pt\/loja\/wp-json\/wp\/v2\/product_cat?post=73647"},{"taxonomy":"product_tag","embeddable":true,"href":"https:\/\/casafreitas.pt\/loja\/wp-json\/wp\/v2\/product_tag?post=73647"}],"curies":[{"name":"wp","href":"https:\/\/api.w.org\/{rel}","templated":true}]}}