{"id":73620,"date":"2025-09-24T10:55:41","date_gmt":"2025-09-24T10:55:41","guid":{"rendered":"https:\/\/casafreitas.pt\/loja\/produto\/desinfetante-ambiente-elimina-odores-aroma-flor-algodao-300-ml\/"},"modified":"2025-10-24T00:35:57","modified_gmt":"2025-10-24T00:35:57","slug":"desinfetante-ambiente-elimina-odores-aroma-flor-algodao-300-ml","status":"publish","type":"product","link":"https:\/\/casafreitas.pt\/loja\/produto\/desinfetante-ambiente-elimina-odores-aroma-flor-algodao-300-ml\/","title":{"rendered":"Desinfetante de ambiente elimina odores aroma de flor de algod\u00e3o 300 ml"},"content":{"rendered":"","protected":false},"excerpt":{"rendered":"<p>Desinfector de ambiente 300ml sanytol casa e tecidos 3 em 1. elimina 99,9% dos germes. contra bact\u00e9rias, v\u00edrus, fungos que causam mau odor. adequado para superf\u00edcies, tecidos e ambientes. frescura de ervas.<\/p>\n","protected":false},"featured_media":73619,"comment_status":"open","ping_status":"closed","template":"","meta":[],"product_brand":[],"product_cat":[17680,18003],"product_tag":[],"class_list":{"0":"post-73620","1":"product","2":"type-product","3":"status-publish","4":"has-post-thumbnail","6":"product_cat-ambientadores-para-casa-casa-e-decoracao","7":"product_cat-casa-decoracao","9":"first","10":"instock","11":"taxable","12":"shipping-taxable","13":"purchasable","14":"product-type-simple"},"_links":{"self":[{"href":"https:\/\/casafreitas.pt\/loja\/wp-json\/wp\/v2\/product\/73620","targetHints":{"allow":["GET"]}}],"collection":[{"href":"https:\/\/casafreitas.pt\/loja\/wp-json\/wp\/v2\/product"}],"about":[{"href":"https:\/\/casafreitas.pt\/loja\/wp-json\/wp\/v2\/types\/product"}],"replies":[{"embeddable":true,"href":"https:\/\/casafreitas.pt\/loja\/wp-json\/wp\/v2\/comments?post=73620"}],"version-history":[{"count":1,"href":"https:\/\/casafreitas.pt\/loja\/wp-json\/wp\/v2\/product\/73620\/revisions"}],"predecessor-version":[{"id":73621,"href":"https:\/\/casafreitas.pt\/loja\/wp-json\/wp\/v2\/product\/73620\/revisions\/73621"}],"wp:featuredmedia":[{"embeddable":true,"href":"https:\/\/casafreitas.pt\/loja\/wp-json\/wp\/v2\/media\/73619"}],"wp:attachment":[{"href":"https:\/\/casafreitas.pt\/loja\/wp-json\/wp\/v2\/media?parent=73620"}],"wp:term":[{"taxonomy":"product_brand","embeddable":true,"href":"https:\/\/casafreitas.pt\/loja\/wp-json\/wp\/v2\/product_brand?post=73620"},{"taxonomy":"product_cat","embeddable":true,"href":"https:\/\/casafreitas.pt\/loja\/wp-json\/wp\/v2\/product_cat?post=73620"},{"taxonomy":"product_tag","embeddable":true,"href":"https:\/\/casafreitas.pt\/loja\/wp-json\/wp\/v2\/product_tag?post=73620"}],"curies":[{"name":"wp","href":"https:\/\/api.w.org\/{rel}","templated":true}]}}