{"id":73581,"date":"2025-09-24T10:54:03","date_gmt":"2025-09-24T10:54:03","guid":{"rendered":"https:\/\/casafreitas.pt\/loja\/produto\/calcado-desportivo-s-park-salou-tamanho-42\/"},"modified":"2025-10-28T23:37:27","modified_gmt":"2025-10-28T23:37:27","slug":"calcado-desportivo-s-park-salou-tamanho-42","status":"publish","type":"product","link":"https:\/\/casafreitas.pt\/loja\/produto\/calcado-desportivo-s-park-salou-tamanho-42\/","title":{"rendered":"Cal\u00e7ado desportivo s-park salou, tamanho 42"},"content":{"rendered":"","protected":false},"excerpt":{"rendered":"<p>Cal\u00e7ados desportivos s-park salou. tamanho 42. certifica\u00e7\u00e3o na iso 20347:2022+a1:2024 o1 esd sr fo hro; cal\u00e7ado com protec\u00e7\u00e3o contra descargas eletrost\u00e1ticas, com sola antiderrapante, resistente a hidrocarbonetos, sola resistente ao calor de contacto (300\u00b0 durante 60 s), entressola em phylon, sola inferior em borracha nitrila. tecido de malha respir\u00e1vel superleve e sem costuras, miocroperfurado 3d<\/p>\n","protected":false},"featured_media":73580,"comment_status":"open","ping_status":"closed","template":"","meta":[],"product_brand":[],"product_cat":[17686,18003],"product_tag":[],"class_list":{"0":"post-73581","1":"product","2":"type-product","3":"status-publish","4":"has-post-thumbnail","6":"product_cat-calcados-casa-e-decoracao","7":"product_cat-casa-decoracao","9":"first","10":"instock","11":"taxable","12":"shipping-taxable","13":"purchasable","14":"product-type-simple"},"_links":{"self":[{"href":"https:\/\/casafreitas.pt\/loja\/wp-json\/wp\/v2\/product\/73581","targetHints":{"allow":["GET"]}}],"collection":[{"href":"https:\/\/casafreitas.pt\/loja\/wp-json\/wp\/v2\/product"}],"about":[{"href":"https:\/\/casafreitas.pt\/loja\/wp-json\/wp\/v2\/types\/product"}],"replies":[{"embeddable":true,"href":"https:\/\/casafreitas.pt\/loja\/wp-json\/wp\/v2\/comments?post=73581"}],"version-history":[{"count":1,"href":"https:\/\/casafreitas.pt\/loja\/wp-json\/wp\/v2\/product\/73581\/revisions"}],"predecessor-version":[{"id":73582,"href":"https:\/\/casafreitas.pt\/loja\/wp-json\/wp\/v2\/product\/73581\/revisions\/73582"}],"wp:featuredmedia":[{"embeddable":true,"href":"https:\/\/casafreitas.pt\/loja\/wp-json\/wp\/v2\/media\/73580"}],"wp:attachment":[{"href":"https:\/\/casafreitas.pt\/loja\/wp-json\/wp\/v2\/media?parent=73581"}],"wp:term":[{"taxonomy":"product_brand","embeddable":true,"href":"https:\/\/casafreitas.pt\/loja\/wp-json\/wp\/v2\/product_brand?post=73581"},{"taxonomy":"product_cat","embeddable":true,"href":"https:\/\/casafreitas.pt\/loja\/wp-json\/wp\/v2\/product_cat?post=73581"},{"taxonomy":"product_tag","embeddable":true,"href":"https:\/\/casafreitas.pt\/loja\/wp-json\/wp\/v2\/product_tag?post=73581"}],"curies":[{"name":"wp","href":"https:\/\/api.w.org\/{rel}","templated":true}]}}