{"id":73557,"date":"2025-09-24T10:52:57","date_gmt":"2025-09-24T10:52:57","guid":{"rendered":"https:\/\/casafreitas.pt\/loja\/produto\/guarda-chuva-cidade-6-modelos-variados\/"},"modified":"2025-10-24T00:35:55","modified_gmt":"2025-10-24T00:35:55","slug":"guarda-chuva-cidade-6-modelos-variados","status":"publish","type":"product","link":"https:\/\/casafreitas.pt\/loja\/produto\/guarda-chuva-cidade-6-modelos-variados\/","title":{"rendered":"Guarda-chuva cidade, 6 modelos variados"},"content":{"rendered":"","protected":false},"excerpt":{"rendered":"<p>Guarda-chuva com impress\u00f5es de cidades; 58,42 cm, haste autom\u00e1tica de a\u00e7o com oito varetas de perfil em u, punho curvo de madeira, poli\u00e9ster 170t com impress\u00f5es de cidades a cores: amsterd\u00e3o, barcelona, londres, nova iorque, paris e roma<\/p>\n","protected":false},"featured_media":73556,"comment_status":"open","ping_status":"closed","template":"","meta":[],"product_brand":[],"product_cat":[17705,18003],"product_tag":[],"class_list":{"0":"post-73557","1":"product","2":"type-product","3":"status-publish","4":"has-post-thumbnail","6":"product_cat-guarda-chuvas-suportes-para-guarda-chuvas-casa-e-decoracao","7":"product_cat-casa-decoracao","9":"first","10":"instock","11":"taxable","12":"shipping-taxable","13":"purchasable","14":"product-type-simple"},"_links":{"self":[{"href":"https:\/\/casafreitas.pt\/loja\/wp-json\/wp\/v2\/product\/73557","targetHints":{"allow":["GET"]}}],"collection":[{"href":"https:\/\/casafreitas.pt\/loja\/wp-json\/wp\/v2\/product"}],"about":[{"href":"https:\/\/casafreitas.pt\/loja\/wp-json\/wp\/v2\/types\/product"}],"replies":[{"embeddable":true,"href":"https:\/\/casafreitas.pt\/loja\/wp-json\/wp\/v2\/comments?post=73557"}],"version-history":[{"count":1,"href":"https:\/\/casafreitas.pt\/loja\/wp-json\/wp\/v2\/product\/73557\/revisions"}],"predecessor-version":[{"id":73558,"href":"https:\/\/casafreitas.pt\/loja\/wp-json\/wp\/v2\/product\/73557\/revisions\/73558"}],"wp:featuredmedia":[{"embeddable":true,"href":"https:\/\/casafreitas.pt\/loja\/wp-json\/wp\/v2\/media\/73556"}],"wp:attachment":[{"href":"https:\/\/casafreitas.pt\/loja\/wp-json\/wp\/v2\/media?parent=73557"}],"wp:term":[{"taxonomy":"product_brand","embeddable":true,"href":"https:\/\/casafreitas.pt\/loja\/wp-json\/wp\/v2\/product_brand?post=73557"},{"taxonomy":"product_cat","embeddable":true,"href":"https:\/\/casafreitas.pt\/loja\/wp-json\/wp\/v2\/product_cat?post=73557"},{"taxonomy":"product_tag","embeddable":true,"href":"https:\/\/casafreitas.pt\/loja\/wp-json\/wp\/v2\/product_tag?post=73557"}],"curies":[{"name":"wp","href":"https:\/\/api.w.org\/{rel}","templated":true}]}}