{"id":73554,"date":"2025-09-24T10:52:46","date_gmt":"2025-09-24T10:52:46","guid":{"rendered":"https:\/\/casafreitas.pt\/loja\/produto\/cinzeiro-em-inox-o147-x-56-cm\/"},"modified":"2025-10-24T00:35:55","modified_gmt":"2025-10-24T00:35:55","slug":"cinzeiro-em-inox-o147-x-56-cm","status":"publish","type":"product","link":"https:\/\/casafreitas.pt\/loja\/produto\/cinzeiro-em-inox-o147-x-56-cm\/","title":{"rendered":"Cinzeiro em inox, \u00f814,7 x 56 cm"},"content":{"rendered":"","protected":false},"excerpt":{"rendered":"<p>Cinzeiro de p\u00e9, inox, \u00f814,7 x 56 cm com prote\u00e7\u00e3o de borracha na base, corpo em a\u00e7o inox escovado, tampa em a\u00e7o inox brilhante.<\/p>\n","protected":false},"featured_media":73553,"comment_status":"open","ping_status":"closed","template":"","meta":[],"product_brand":[],"product_cat":[17691,18003],"product_tag":[],"class_list":{"0":"post-73554","1":"product","2":"type-product","3":"status-publish","4":"has-post-thumbnail","6":"product_cat-cinzeiros-casa-e-decoracao","7":"product_cat-casa-decoracao","9":"first","10":"instock","11":"taxable","12":"shipping-taxable","13":"purchasable","14":"product-type-simple"},"_links":{"self":[{"href":"https:\/\/casafreitas.pt\/loja\/wp-json\/wp\/v2\/product\/73554","targetHints":{"allow":["GET"]}}],"collection":[{"href":"https:\/\/casafreitas.pt\/loja\/wp-json\/wp\/v2\/product"}],"about":[{"href":"https:\/\/casafreitas.pt\/loja\/wp-json\/wp\/v2\/types\/product"}],"replies":[{"embeddable":true,"href":"https:\/\/casafreitas.pt\/loja\/wp-json\/wp\/v2\/comments?post=73554"}],"version-history":[{"count":1,"href":"https:\/\/casafreitas.pt\/loja\/wp-json\/wp\/v2\/product\/73554\/revisions"}],"predecessor-version":[{"id":73555,"href":"https:\/\/casafreitas.pt\/loja\/wp-json\/wp\/v2\/product\/73554\/revisions\/73555"}],"wp:featuredmedia":[{"embeddable":true,"href":"https:\/\/casafreitas.pt\/loja\/wp-json\/wp\/v2\/media\/73553"}],"wp:attachment":[{"href":"https:\/\/casafreitas.pt\/loja\/wp-json\/wp\/v2\/media?parent=73554"}],"wp:term":[{"taxonomy":"product_brand","embeddable":true,"href":"https:\/\/casafreitas.pt\/loja\/wp-json\/wp\/v2\/product_brand?post=73554"},{"taxonomy":"product_cat","embeddable":true,"href":"https:\/\/casafreitas.pt\/loja\/wp-json\/wp\/v2\/product_cat?post=73554"},{"taxonomy":"product_tag","embeddable":true,"href":"https:\/\/casafreitas.pt\/loja\/wp-json\/wp\/v2\/product_tag?post=73554"}],"curies":[{"name":"wp","href":"https:\/\/api.w.org\/{rel}","templated":true}]}}