{"id":73389,"date":"2025-09-24T10:45:18","date_gmt":"2025-09-24T10:45:18","guid":{"rendered":"https:\/\/casafreitas.pt\/loja\/produto\/poncho-chuva-reforcado-varias-cores-100-x-130-cm\/"},"modified":"2025-10-24T00:35:48","modified_gmt":"2025-10-24T00:35:48","slug":"poncho-chuva-reforcado-varias-cores-100-x-130-cm","status":"publish","type":"product","link":"https:\/\/casafreitas.pt\/loja\/produto\/poncho-chuva-reforcado-varias-cores-100-x-130-cm\/","title":{"rendered":"Poncho de chuva refor\u00e7ado v\u00e1rias cores 100 x 130 cm"},"content":{"rendered":"","protected":false},"excerpt":{"rendered":"<p>Poncho de chuva refor\u00e7ado v\u00e1rias cores 100 x 130 cm<\/p>\n","protected":false},"featured_media":73388,"comment_status":"open","ping_status":"closed","template":"","meta":[],"product_brand":[],"product_cat":[17707,18003],"product_tag":[],"class_list":{"0":"post-73389","1":"product","2":"type-product","3":"status-publish","4":"has-post-thumbnail","6":"product_cat-impermeaveis-casa-e-decoracao","7":"product_cat-casa-decoracao","9":"first","10":"instock","11":"taxable","12":"shipping-taxable","13":"purchasable","14":"product-type-simple"},"_links":{"self":[{"href":"https:\/\/casafreitas.pt\/loja\/wp-json\/wp\/v2\/product\/73389","targetHints":{"allow":["GET"]}}],"collection":[{"href":"https:\/\/casafreitas.pt\/loja\/wp-json\/wp\/v2\/product"}],"about":[{"href":"https:\/\/casafreitas.pt\/loja\/wp-json\/wp\/v2\/types\/product"}],"replies":[{"embeddable":true,"href":"https:\/\/casafreitas.pt\/loja\/wp-json\/wp\/v2\/comments?post=73389"}],"version-history":[{"count":1,"href":"https:\/\/casafreitas.pt\/loja\/wp-json\/wp\/v2\/product\/73389\/revisions"}],"predecessor-version":[{"id":73390,"href":"https:\/\/casafreitas.pt\/loja\/wp-json\/wp\/v2\/product\/73389\/revisions\/73390"}],"wp:featuredmedia":[{"embeddable":true,"href":"https:\/\/casafreitas.pt\/loja\/wp-json\/wp\/v2\/media\/73388"}],"wp:attachment":[{"href":"https:\/\/casafreitas.pt\/loja\/wp-json\/wp\/v2\/media?parent=73389"}],"wp:term":[{"taxonomy":"product_brand","embeddable":true,"href":"https:\/\/casafreitas.pt\/loja\/wp-json\/wp\/v2\/product_brand?post=73389"},{"taxonomy":"product_cat","embeddable":true,"href":"https:\/\/casafreitas.pt\/loja\/wp-json\/wp\/v2\/product_cat?post=73389"},{"taxonomy":"product_tag","embeddable":true,"href":"https:\/\/casafreitas.pt\/loja\/wp-json\/wp\/v2\/product_tag?post=73389"}],"curies":[{"name":"wp","href":"https:\/\/api.w.org\/{rel}","templated":true}]}}