{"id":73353,"date":"2025-09-24T10:43:50","date_gmt":"2025-09-24T10:43:50","guid":{"rendered":"https:\/\/casafreitas.pt\/loja\/produto\/cinzeiro-em-metal-com-tampa-giratoria-95-x-95-cm\/"},"modified":"2025-10-30T22:50:40","modified_gmt":"2025-10-30T22:50:40","slug":"cinzeiro-em-metal-com-tampa-giratoria-95-x-95-cm","status":"publish","type":"product","link":"https:\/\/casafreitas.pt\/loja\/produto\/cinzeiro-em-metal-com-tampa-giratoria-95-x-95-cm\/","title":{"rendered":"Cinzeiro em metal com tampa girat\u00f3ria, \u00f8 9,5 x 9,5 cm"},"content":{"rendered":"","protected":false},"excerpt":{"rendered":"<p>Cinzeiro em metal com tampa girat\u00f3ria, \u00f8 9,5 x 9,5 cm<\/p>\n","protected":false},"featured_media":73352,"comment_status":"open","ping_status":"closed","template":"","meta":[],"product_brand":[],"product_cat":[17691,18003],"product_tag":[12519],"class_list":{"0":"post-73353","1":"product","2":"type-product","3":"status-publish","4":"has-post-thumbnail","6":"product_cat-cinzeiros-casa-e-decoracao","7":"product_cat-casa-decoracao","8":"product_tag-champ","10":"first","11":"instock","12":"taxable","13":"shipping-taxable","14":"purchasable","15":"product-type-simple"},"_links":{"self":[{"href":"https:\/\/casafreitas.pt\/loja\/wp-json\/wp\/v2\/product\/73353","targetHints":{"allow":["GET"]}}],"collection":[{"href":"https:\/\/casafreitas.pt\/loja\/wp-json\/wp\/v2\/product"}],"about":[{"href":"https:\/\/casafreitas.pt\/loja\/wp-json\/wp\/v2\/types\/product"}],"replies":[{"embeddable":true,"href":"https:\/\/casafreitas.pt\/loja\/wp-json\/wp\/v2\/comments?post=73353"}],"version-history":[{"count":1,"href":"https:\/\/casafreitas.pt\/loja\/wp-json\/wp\/v2\/product\/73353\/revisions"}],"predecessor-version":[{"id":73354,"href":"https:\/\/casafreitas.pt\/loja\/wp-json\/wp\/v2\/product\/73353\/revisions\/73354"}],"wp:featuredmedia":[{"embeddable":true,"href":"https:\/\/casafreitas.pt\/loja\/wp-json\/wp\/v2\/media\/73352"}],"wp:attachment":[{"href":"https:\/\/casafreitas.pt\/loja\/wp-json\/wp\/v2\/media?parent=73353"}],"wp:term":[{"taxonomy":"product_brand","embeddable":true,"href":"https:\/\/casafreitas.pt\/loja\/wp-json\/wp\/v2\/product_brand?post=73353"},{"taxonomy":"product_cat","embeddable":true,"href":"https:\/\/casafreitas.pt\/loja\/wp-json\/wp\/v2\/product_cat?post=73353"},{"taxonomy":"product_tag","embeddable":true,"href":"https:\/\/casafreitas.pt\/loja\/wp-json\/wp\/v2\/product_tag?post=73353"}],"curies":[{"name":"wp","href":"https:\/\/api.w.org\/{rel}","templated":true}]}}