{"id":73107,"date":"2025-09-24T10:33:24","date_gmt":"2025-09-24T10:33:24","guid":{"rendered":"https:\/\/casafreitas.pt\/loja\/produto\/relogio-parede-estilo-retro-o22cm-cores-sortidos\/"},"modified":"2025-10-24T00:35:36","modified_gmt":"2025-10-24T00:35:36","slug":"relogio-parede-estilo-retro-o22cm-cores-sortidos","status":"publish","type":"product","link":"https:\/\/casafreitas.pt\/loja\/produto\/relogio-parede-estilo-retro-o22cm-cores-sortidos\/","title":{"rendered":"Rel\u00f3gio de parede estilo retro \u00f822cm cores sortidos"},"content":{"rendered":"","protected":false},"excerpt":{"rendered":"<p>Rel\u00f3gio de parede estilo retro \u00f822cm cores sortidos<\/p>\n","protected":false},"featured_media":73106,"comment_status":"open","ping_status":"closed","template":"","meta":[],"product_brand":[],"product_cat":[17728,18003],"product_tag":[],"class_list":{"0":"post-73107","1":"product","2":"type-product","3":"status-publish","4":"has-post-thumbnail","6":"product_cat-relogios-alarmes-casa-e-decoracao","7":"product_cat-casa-decoracao","9":"first","10":"instock","11":"taxable","12":"shipping-taxable","13":"purchasable","14":"product-type-simple"},"_links":{"self":[{"href":"https:\/\/casafreitas.pt\/loja\/wp-json\/wp\/v2\/product\/73107","targetHints":{"allow":["GET"]}}],"collection":[{"href":"https:\/\/casafreitas.pt\/loja\/wp-json\/wp\/v2\/product"}],"about":[{"href":"https:\/\/casafreitas.pt\/loja\/wp-json\/wp\/v2\/types\/product"}],"replies":[{"embeddable":true,"href":"https:\/\/casafreitas.pt\/loja\/wp-json\/wp\/v2\/comments?post=73107"}],"version-history":[{"count":1,"href":"https:\/\/casafreitas.pt\/loja\/wp-json\/wp\/v2\/product\/73107\/revisions"}],"predecessor-version":[{"id":73108,"href":"https:\/\/casafreitas.pt\/loja\/wp-json\/wp\/v2\/product\/73107\/revisions\/73108"}],"wp:featuredmedia":[{"embeddable":true,"href":"https:\/\/casafreitas.pt\/loja\/wp-json\/wp\/v2\/media\/73106"}],"wp:attachment":[{"href":"https:\/\/casafreitas.pt\/loja\/wp-json\/wp\/v2\/media?parent=73107"}],"wp:term":[{"taxonomy":"product_brand","embeddable":true,"href":"https:\/\/casafreitas.pt\/loja\/wp-json\/wp\/v2\/product_brand?post=73107"},{"taxonomy":"product_cat","embeddable":true,"href":"https:\/\/casafreitas.pt\/loja\/wp-json\/wp\/v2\/product_cat?post=73107"},{"taxonomy":"product_tag","embeddable":true,"href":"https:\/\/casafreitas.pt\/loja\/wp-json\/wp\/v2\/product_tag?post=73107"}],"curies":[{"name":"wp","href":"https:\/\/api.w.org\/{rel}","templated":true}]}}