{"id":73092,"date":"2025-09-24T10:32:42","date_gmt":"2025-09-24T10:32:42","guid":{"rendered":"https:\/\/casafreitas.pt\/loja\/produto\/sapatilha-desportiva-s-time-bi-az-t-46\/"},"modified":"2025-10-24T00:35:36","modified_gmt":"2025-10-24T00:35:36","slug":"sapatilha-desportiva-s-time-bi-az-t-46","status":"publish","type":"product","link":"https:\/\/casafreitas.pt\/loja\/produto\/sapatilha-desportiva-s-time-bi-az-t-46\/","title":{"rendered":"Sapatilha desportiva s-time bi\/az t-46"},"content":{"rendered":"","protected":false},"excerpt":{"rendered":"<p>Sneakers s-time t\u00eanis esportivo branco\/azul. tamanho 46, em couro sint\u00e9tico perfurado. sola de borracha casual. este cal\u00e7ado n\u00e3o foi projetado ou certificado para ser usado como cal\u00e7ado de seguran\u00e7a<\/p>\n","protected":false},"featured_media":73091,"comment_status":"open","ping_status":"closed","template":"","meta":[],"product_brand":[],"product_cat":[17686,18003],"product_tag":[],"class_list":{"0":"post-73092","1":"product","2":"type-product","3":"status-publish","4":"has-post-thumbnail","6":"product_cat-calcados-casa-e-decoracao","7":"product_cat-casa-decoracao","9":"first","10":"instock","11":"taxable","12":"shipping-taxable","13":"purchasable","14":"product-type-simple"},"_links":{"self":[{"href":"https:\/\/casafreitas.pt\/loja\/wp-json\/wp\/v2\/product\/73092","targetHints":{"allow":["GET"]}}],"collection":[{"href":"https:\/\/casafreitas.pt\/loja\/wp-json\/wp\/v2\/product"}],"about":[{"href":"https:\/\/casafreitas.pt\/loja\/wp-json\/wp\/v2\/types\/product"}],"replies":[{"embeddable":true,"href":"https:\/\/casafreitas.pt\/loja\/wp-json\/wp\/v2\/comments?post=73092"}],"version-history":[{"count":1,"href":"https:\/\/casafreitas.pt\/loja\/wp-json\/wp\/v2\/product\/73092\/revisions"}],"predecessor-version":[{"id":73093,"href":"https:\/\/casafreitas.pt\/loja\/wp-json\/wp\/v2\/product\/73092\/revisions\/73093"}],"wp:featuredmedia":[{"embeddable":true,"href":"https:\/\/casafreitas.pt\/loja\/wp-json\/wp\/v2\/media\/73091"}],"wp:attachment":[{"href":"https:\/\/casafreitas.pt\/loja\/wp-json\/wp\/v2\/media?parent=73092"}],"wp:term":[{"taxonomy":"product_brand","embeddable":true,"href":"https:\/\/casafreitas.pt\/loja\/wp-json\/wp\/v2\/product_brand?post=73092"},{"taxonomy":"product_cat","embeddable":true,"href":"https:\/\/casafreitas.pt\/loja\/wp-json\/wp\/v2\/product_cat?post=73092"},{"taxonomy":"product_tag","embeddable":true,"href":"https:\/\/casafreitas.pt\/loja\/wp-json\/wp\/v2\/product_tag?post=73092"}],"curies":[{"name":"wp","href":"https:\/\/api.w.org\/{rel}","templated":true}]}}