{"id":73071,"date":"2025-09-24T10:31:47","date_gmt":"2025-09-24T10:31:47","guid":{"rendered":"https:\/\/casafreitas.pt\/loja\/produto\/s-time-bi-az-t-39-sapatos-desportivos\/"},"modified":"2025-10-24T00:35:35","modified_gmt":"2025-10-24T00:35:35","slug":"s-time-bi-az-t-39-sapatos-desportivos","status":"publish","type":"product","link":"https:\/\/casafreitas.pt\/loja\/produto\/s-time-bi-az-t-39-sapatos-desportivos\/","title":{"rendered":"S-time bi\/az t-39 sapatos desportivos"},"content":{"rendered":"","protected":false},"excerpt":{"rendered":"<p>Sneakers s-time t\u00eanis esportivo branco\/azul. tamanho 39, em couro sint\u00e9tico perfurado. sola de borracha casual. este cal\u00e7ado n\u00e3o foi projetado ou certificado para ser usado como cal\u00e7ado de seguran\u00e7a<\/p>\n","protected":false},"featured_media":73070,"comment_status":"open","ping_status":"closed","template":"","meta":[],"product_brand":[],"product_cat":[17686,18003],"product_tag":[],"class_list":{"0":"post-73071","1":"product","2":"type-product","3":"status-publish","4":"has-post-thumbnail","6":"product_cat-calcados-casa-e-decoracao","7":"product_cat-casa-decoracao","9":"first","10":"instock","11":"taxable","12":"shipping-taxable","13":"purchasable","14":"product-type-simple"},"_links":{"self":[{"href":"https:\/\/casafreitas.pt\/loja\/wp-json\/wp\/v2\/product\/73071","targetHints":{"allow":["GET"]}}],"collection":[{"href":"https:\/\/casafreitas.pt\/loja\/wp-json\/wp\/v2\/product"}],"about":[{"href":"https:\/\/casafreitas.pt\/loja\/wp-json\/wp\/v2\/types\/product"}],"replies":[{"embeddable":true,"href":"https:\/\/casafreitas.pt\/loja\/wp-json\/wp\/v2\/comments?post=73071"}],"version-history":[{"count":1,"href":"https:\/\/casafreitas.pt\/loja\/wp-json\/wp\/v2\/product\/73071\/revisions"}],"predecessor-version":[{"id":73072,"href":"https:\/\/casafreitas.pt\/loja\/wp-json\/wp\/v2\/product\/73071\/revisions\/73072"}],"wp:featuredmedia":[{"embeddable":true,"href":"https:\/\/casafreitas.pt\/loja\/wp-json\/wp\/v2\/media\/73070"}],"wp:attachment":[{"href":"https:\/\/casafreitas.pt\/loja\/wp-json\/wp\/v2\/media?parent=73071"}],"wp:term":[{"taxonomy":"product_brand","embeddable":true,"href":"https:\/\/casafreitas.pt\/loja\/wp-json\/wp\/v2\/product_brand?post=73071"},{"taxonomy":"product_cat","embeddable":true,"href":"https:\/\/casafreitas.pt\/loja\/wp-json\/wp\/v2\/product_cat?post=73071"},{"taxonomy":"product_tag","embeddable":true,"href":"https:\/\/casafreitas.pt\/loja\/wp-json\/wp\/v2\/product_tag?post=73071"}],"curies":[{"name":"wp","href":"https:\/\/api.w.org\/{rel}","templated":true}]}}