{"id":73035,"date":"2025-09-24T10:30:19","date_gmt":"2025-09-24T10:30:19","guid":{"rendered":"https:\/\/casafreitas.pt\/loja\/produto\/chinelos-para-jardim-casa-perfurados-preto-tamanho-36\/"},"modified":"2025-10-24T00:35:32","modified_gmt":"2025-10-24T00:35:32","slug":"chinelos-para-jardim-casa-perfurados-preto-tamanho-36","status":"publish","type":"product","link":"https:\/\/casafreitas.pt\/loja\/produto\/chinelos-para-jardim-casa-perfurados-preto-tamanho-36\/","title":{"rendered":"Chinelos para jardim e casa perfurados preto tamanho 36"},"content":{"rendered":"","protected":false},"excerpt":{"rendered":"<p>Chinelos para jardim perfurados em preto s\u00e3o pr\u00e1ticos e muito leves, material eva suave antideslizante e resistente \u00e0 abras\u00e3o. fecho tipo sand\u00e1lia para evitar que sa\u00eda do p\u00e9<\/p>\n","protected":false},"featured_media":73034,"comment_status":"open","ping_status":"closed","template":"","meta":[],"product_brand":[],"product_cat":[17686,18003],"product_tag":[12513],"class_list":{"0":"post-73035","1":"product","2":"type-product","3":"status-publish","4":"has-post-thumbnail","6":"product_cat-calcados-casa-e-decoracao","7":"product_cat-casa-decoracao","8":"product_tag-stocker","10":"first","11":"instock","12":"taxable","13":"shipping-taxable","14":"purchasable","15":"product-type-simple"},"_links":{"self":[{"href":"https:\/\/casafreitas.pt\/loja\/wp-json\/wp\/v2\/product\/73035","targetHints":{"allow":["GET"]}}],"collection":[{"href":"https:\/\/casafreitas.pt\/loja\/wp-json\/wp\/v2\/product"}],"about":[{"href":"https:\/\/casafreitas.pt\/loja\/wp-json\/wp\/v2\/types\/product"}],"replies":[{"embeddable":true,"href":"https:\/\/casafreitas.pt\/loja\/wp-json\/wp\/v2\/comments?post=73035"}],"version-history":[{"count":1,"href":"https:\/\/casafreitas.pt\/loja\/wp-json\/wp\/v2\/product\/73035\/revisions"}],"predecessor-version":[{"id":73036,"href":"https:\/\/casafreitas.pt\/loja\/wp-json\/wp\/v2\/product\/73035\/revisions\/73036"}],"wp:featuredmedia":[{"embeddable":true,"href":"https:\/\/casafreitas.pt\/loja\/wp-json\/wp\/v2\/media\/73034"}],"wp:attachment":[{"href":"https:\/\/casafreitas.pt\/loja\/wp-json\/wp\/v2\/media?parent=73035"}],"wp:term":[{"taxonomy":"product_brand","embeddable":true,"href":"https:\/\/casafreitas.pt\/loja\/wp-json\/wp\/v2\/product_brand?post=73035"},{"taxonomy":"product_cat","embeddable":true,"href":"https:\/\/casafreitas.pt\/loja\/wp-json\/wp\/v2\/product_cat?post=73035"},{"taxonomy":"product_tag","embeddable":true,"href":"https:\/\/casafreitas.pt\/loja\/wp-json\/wp\/v2\/product_tag?post=73035"}],"curies":[{"name":"wp","href":"https:\/\/api.w.org\/{rel}","templated":true}]}}