{"id":72971,"date":"2025-09-24T10:26:47","date_gmt":"2025-09-24T10:26:47","guid":{"rendered":"https:\/\/casafreitas.pt\/loja\/produto\/carrinho-compra-twin-preto-urban-169324-50l-gimi\/"},"modified":"2025-10-24T00:35:29","modified_gmt":"2025-10-24T00:35:29","slug":"carrinho-compra-twin-preto-urban-169324-50l-gimi","status":"publish","type":"product","link":"https:\/\/casafreitas.pt\/loja\/produto\/carrinho-compra-twin-preto-urban-169324-50l-gimi\/","title":{"rendered":"Carrinho da compra twin preto urban 169324 50l gimi"},"content":{"rendered":"","protected":false},"excerpt":{"rendered":"<p>Carrinho da compra twin preto urban 169324 gimi. f\u00e1cil de empurrar e levar. 50 litros de capacidade de carga. 39x52x95cm . easyclick para p\u00f4r e retirar o saco de modo f\u00e1cil e r\u00e1pido. bolso exterior e interior. rodas dianteiras girat\u00f3rias 360\u00b0<\/p>\n","protected":false},"featured_media":72970,"comment_status":"open","ping_status":"closed","template":"","meta":[],"product_brand":[],"product_cat":[12509,18003],"product_tag":[],"class_list":{"0":"post-72971","1":"product","2":"type-product","3":"status-publish","4":"has-post-thumbnail","6":"product_cat-carrinhos-de-compras","7":"product_cat-casa-decoracao","9":"first","10":"instock","11":"taxable","12":"shipping-taxable","13":"purchasable","14":"product-type-simple"},"_links":{"self":[{"href":"https:\/\/casafreitas.pt\/loja\/wp-json\/wp\/v2\/product\/72971","targetHints":{"allow":["GET"]}}],"collection":[{"href":"https:\/\/casafreitas.pt\/loja\/wp-json\/wp\/v2\/product"}],"about":[{"href":"https:\/\/casafreitas.pt\/loja\/wp-json\/wp\/v2\/types\/product"}],"replies":[{"embeddable":true,"href":"https:\/\/casafreitas.pt\/loja\/wp-json\/wp\/v2\/comments?post=72971"}],"version-history":[{"count":1,"href":"https:\/\/casafreitas.pt\/loja\/wp-json\/wp\/v2\/product\/72971\/revisions"}],"predecessor-version":[{"id":72972,"href":"https:\/\/casafreitas.pt\/loja\/wp-json\/wp\/v2\/product\/72971\/revisions\/72972"}],"wp:featuredmedia":[{"embeddable":true,"href":"https:\/\/casafreitas.pt\/loja\/wp-json\/wp\/v2\/media\/72970"}],"wp:attachment":[{"href":"https:\/\/casafreitas.pt\/loja\/wp-json\/wp\/v2\/media?parent=72971"}],"wp:term":[{"taxonomy":"product_brand","embeddable":true,"href":"https:\/\/casafreitas.pt\/loja\/wp-json\/wp\/v2\/product_brand?post=72971"},{"taxonomy":"product_cat","embeddable":true,"href":"https:\/\/casafreitas.pt\/loja\/wp-json\/wp\/v2\/product_cat?post=72971"},{"taxonomy":"product_tag","embeddable":true,"href":"https:\/\/casafreitas.pt\/loja\/wp-json\/wp\/v2\/product_tag?post=72971"}],"curies":[{"name":"wp","href":"https:\/\/api.w.org\/{rel}","templated":true}]}}