{"id":72944,"date":"2025-09-24T10:25:32","date_gmt":"2025-09-24T10:25:32","guid":{"rendered":"https:\/\/casafreitas.pt\/loja\/produto\/termometro-plastico-interior-exterior-275-cm\/"},"modified":"2025-10-24T00:35:28","modified_gmt":"2025-10-24T00:35:28","slug":"termometro-plastico-interior-exterior-275-cm","status":"publish","type":"product","link":"https:\/\/casafreitas.pt\/loja\/produto\/termometro-plastico-interior-exterior-275-cm\/","title":{"rendered":"Term\u00f3metro pl\u00e1stico interior-exterior 27,5 cm"},"content":{"rendered":"","protected":false},"excerpt":{"rendered":"<p>Term\u00f3metro pl\u00e1stico interior-exterior 27,5 cm<\/p>\n","protected":false},"featured_media":72943,"comment_status":"open","ping_status":"closed","template":"","meta":[],"product_brand":[],"product_cat":[17698,18003],"product_tag":[],"class_list":{"0":"post-72944","1":"product","2":"type-product","3":"status-publish","4":"has-post-thumbnail","6":"product_cat-estacoes-meteorologicas-termometros-casa-e-decoracao","7":"product_cat-casa-decoracao","9":"first","10":"instock","11":"taxable","12":"shipping-taxable","13":"purchasable","14":"product-type-simple"},"_links":{"self":[{"href":"https:\/\/casafreitas.pt\/loja\/wp-json\/wp\/v2\/product\/72944","targetHints":{"allow":["GET"]}}],"collection":[{"href":"https:\/\/casafreitas.pt\/loja\/wp-json\/wp\/v2\/product"}],"about":[{"href":"https:\/\/casafreitas.pt\/loja\/wp-json\/wp\/v2\/types\/product"}],"replies":[{"embeddable":true,"href":"https:\/\/casafreitas.pt\/loja\/wp-json\/wp\/v2\/comments?post=72944"}],"version-history":[{"count":1,"href":"https:\/\/casafreitas.pt\/loja\/wp-json\/wp\/v2\/product\/72944\/revisions"}],"predecessor-version":[{"id":72945,"href":"https:\/\/casafreitas.pt\/loja\/wp-json\/wp\/v2\/product\/72944\/revisions\/72945"}],"wp:featuredmedia":[{"embeddable":true,"href":"https:\/\/casafreitas.pt\/loja\/wp-json\/wp\/v2\/media\/72943"}],"wp:attachment":[{"href":"https:\/\/casafreitas.pt\/loja\/wp-json\/wp\/v2\/media?parent=72944"}],"wp:term":[{"taxonomy":"product_brand","embeddable":true,"href":"https:\/\/casafreitas.pt\/loja\/wp-json\/wp\/v2\/product_brand?post=72944"},{"taxonomy":"product_cat","embeddable":true,"href":"https:\/\/casafreitas.pt\/loja\/wp-json\/wp\/v2\/product_cat?post=72944"},{"taxonomy":"product_tag","embeddable":true,"href":"https:\/\/casafreitas.pt\/loja\/wp-json\/wp\/v2\/product_tag?post=72944"}],"curies":[{"name":"wp","href":"https:\/\/api.w.org\/{rel}","templated":true}]}}