{"id":72893,"date":"2025-09-24T10:23:19","date_gmt":"2025-09-24T10:23:19","guid":{"rendered":"https:\/\/casafreitas.pt\/loja\/produto\/aneis-borracha-ligacao-irrigacao-rapida-substituicao-25-unidades\/"},"modified":"2025-10-24T00:35:26","modified_gmt":"2025-10-24T00:35:26","slug":"aneis-borracha-ligacao-irrigacao-rapida-substituicao-25-unidades","status":"publish","type":"product","link":"https:\/\/casafreitas.pt\/loja\/produto\/aneis-borracha-ligacao-irrigacao-rapida-substituicao-25-unidades\/","title":{"rendered":"An\u00e9is de borracha (liga\u00e7\u00e3o de irriga\u00e7\u00e3o r\u00e1pida de substitui\u00e7\u00e3o), 25 unidades"},"content":{"rendered":"","protected":false},"excerpt":{"rendered":"<p>An\u00e9is de borracha (liga\u00e7\u00e3o de irriga\u00e7\u00e3o r\u00e1pida de substitui\u00e7\u00e3o), 25 unidades<\/p>\n","protected":false},"featured_media":72892,"comment_status":"open","ping_status":"closed","template":"","meta":[],"product_brand":[],"product_cat":[17584,18004],"product_tag":[],"class_list":{"0":"post-72893","1":"product","2":"type-product","3":"status-publish","4":"has-post-thumbnail","6":"product_cat-junta-de-borracha-construcao","7":"product_cat-construcao","9":"first","10":"instock","11":"taxable","12":"shipping-taxable","13":"purchasable","14":"product-type-simple"},"_links":{"self":[{"href":"https:\/\/casafreitas.pt\/loja\/wp-json\/wp\/v2\/product\/72893","targetHints":{"allow":["GET"]}}],"collection":[{"href":"https:\/\/casafreitas.pt\/loja\/wp-json\/wp\/v2\/product"}],"about":[{"href":"https:\/\/casafreitas.pt\/loja\/wp-json\/wp\/v2\/types\/product"}],"replies":[{"embeddable":true,"href":"https:\/\/casafreitas.pt\/loja\/wp-json\/wp\/v2\/comments?post=72893"}],"version-history":[{"count":1,"href":"https:\/\/casafreitas.pt\/loja\/wp-json\/wp\/v2\/product\/72893\/revisions"}],"predecessor-version":[{"id":72894,"href":"https:\/\/casafreitas.pt\/loja\/wp-json\/wp\/v2\/product\/72893\/revisions\/72894"}],"wp:featuredmedia":[{"embeddable":true,"href":"https:\/\/casafreitas.pt\/loja\/wp-json\/wp\/v2\/media\/72892"}],"wp:attachment":[{"href":"https:\/\/casafreitas.pt\/loja\/wp-json\/wp\/v2\/media?parent=72893"}],"wp:term":[{"taxonomy":"product_brand","embeddable":true,"href":"https:\/\/casafreitas.pt\/loja\/wp-json\/wp\/v2\/product_brand?post=72893"},{"taxonomy":"product_cat","embeddable":true,"href":"https:\/\/casafreitas.pt\/loja\/wp-json\/wp\/v2\/product_cat?post=72893"},{"taxonomy":"product_tag","embeddable":true,"href":"https:\/\/casafreitas.pt\/loja\/wp-json\/wp\/v2\/product_tag?post=72893"}],"curies":[{"name":"wp","href":"https:\/\/api.w.org\/{rel}","templated":true}]}}