{"id":72809,"date":"2025-09-24T10:19:39","date_gmt":"2025-09-24T10:19:39","guid":{"rendered":"https:\/\/casafreitas.pt\/loja\/produto\/organizador-para-cosmeticos-2-cores-8-compartimentos-d-r-touch-of-beauty\/"},"modified":"2025-10-24T00:35:22","modified_gmt":"2025-10-24T00:35:22","slug":"organizador-para-cosmeticos-2-cores-8-compartimentos-d-r-touch-of-beauty","status":"publish","type":"product","link":"https:\/\/casafreitas.pt\/loja\/produto\/organizador-para-cosmeticos-2-cores-8-compartimentos-d-r-touch-of-beauty\/","title":{"rendered":"Organizador para cosm\u00e9ticos, 2 cores, 8 compartimentos, d\/r. touch of beauty"},"content":{"rendered":"","protected":false},"excerpt":{"rendered":"<p>Organizador para cosm\u00e9ticos acr\u00edlico, 2 cores, 8 compartimentos, distribui\u00e7\u00e3o retangular. touch of beauty<\/p>\n","protected":false},"featured_media":72808,"comment_status":"open","ping_status":"closed","template":"","meta":[],"product_brand":[],"product_cat":[17613,18004],"product_tag":[],"class_list":{"0":"post-72809","1":"product","2":"type-product","3":"status-publish","4":"has-post-thumbnail","6":"product_cat-organizadores-de-casa-de-banho-construcao","7":"product_cat-construcao","9":"first","10":"instock","11":"taxable","12":"shipping-taxable","13":"purchasable","14":"product-type-simple"},"_links":{"self":[{"href":"https:\/\/casafreitas.pt\/loja\/wp-json\/wp\/v2\/product\/72809","targetHints":{"allow":["GET"]}}],"collection":[{"href":"https:\/\/casafreitas.pt\/loja\/wp-json\/wp\/v2\/product"}],"about":[{"href":"https:\/\/casafreitas.pt\/loja\/wp-json\/wp\/v2\/types\/product"}],"replies":[{"embeddable":true,"href":"https:\/\/casafreitas.pt\/loja\/wp-json\/wp\/v2\/comments?post=72809"}],"version-history":[{"count":1,"href":"https:\/\/casafreitas.pt\/loja\/wp-json\/wp\/v2\/product\/72809\/revisions"}],"predecessor-version":[{"id":72810,"href":"https:\/\/casafreitas.pt\/loja\/wp-json\/wp\/v2\/product\/72809\/revisions\/72810"}],"wp:featuredmedia":[{"embeddable":true,"href":"https:\/\/casafreitas.pt\/loja\/wp-json\/wp\/v2\/media\/72808"}],"wp:attachment":[{"href":"https:\/\/casafreitas.pt\/loja\/wp-json\/wp\/v2\/media?parent=72809"}],"wp:term":[{"taxonomy":"product_brand","embeddable":true,"href":"https:\/\/casafreitas.pt\/loja\/wp-json\/wp\/v2\/product_brand?post=72809"},{"taxonomy":"product_cat","embeddable":true,"href":"https:\/\/casafreitas.pt\/loja\/wp-json\/wp\/v2\/product_cat?post=72809"},{"taxonomy":"product_tag","embeddable":true,"href":"https:\/\/casafreitas.pt\/loja\/wp-json\/wp\/v2\/product_tag?post=72809"}],"curies":[{"name":"wp","href":"https:\/\/api.w.org\/{rel}","templated":true}]}}