{"id":72680,"date":"2025-09-24T10:14:11","date_gmt":"2025-09-24T10:14:11","guid":{"rendered":"https:\/\/casafreitas.pt\/loja\/produto\/cortina-banheiro-basica-azul-140-x-180-cm\/"},"modified":"2025-10-24T00:35:18","modified_gmt":"2025-10-24T00:35:18","slug":"cortina-banheiro-basica-azul-140-x-180-cm","status":"publish","type":"product","link":"https:\/\/casafreitas.pt\/loja\/produto\/cortina-banheiro-basica-azul-140-x-180-cm\/","title":{"rendered":"Cortina de banheiro b\u00e1sica azul 140 x 180 cm"},"content":{"rendered":"","protected":false},"excerpt":{"rendered":"<p>Cortina de banheira e duche 100% imperme\u00e1vel em pvc, azul. ideal para usar como forro de duche. anti-molde, pode ser lavado na m\u00e1quina de lavar roupa e cont\u00e9m 10 an\u00e9is. dimens\u00f5es 140 x 180 cm<\/p>\n","protected":false},"featured_media":72679,"comment_status":"open","ping_status":"closed","template":"","meta":[],"product_brand":[],"product_cat":[17543,18004],"product_tag":[],"class_list":{"0":"post-72680","1":"product","2":"type-product","3":"status-publish","4":"has-post-thumbnail","6":"product_cat-cortinas-de-duche-barras-de-casa-de-banho-construcao","7":"product_cat-construcao","9":"first","10":"instock","11":"taxable","12":"shipping-taxable","13":"purchasable","14":"product-type-simple"},"_links":{"self":[{"href":"https:\/\/casafreitas.pt\/loja\/wp-json\/wp\/v2\/product\/72680","targetHints":{"allow":["GET"]}}],"collection":[{"href":"https:\/\/casafreitas.pt\/loja\/wp-json\/wp\/v2\/product"}],"about":[{"href":"https:\/\/casafreitas.pt\/loja\/wp-json\/wp\/v2\/types\/product"}],"replies":[{"embeddable":true,"href":"https:\/\/casafreitas.pt\/loja\/wp-json\/wp\/v2\/comments?post=72680"}],"version-history":[{"count":1,"href":"https:\/\/casafreitas.pt\/loja\/wp-json\/wp\/v2\/product\/72680\/revisions"}],"predecessor-version":[{"id":72681,"href":"https:\/\/casafreitas.pt\/loja\/wp-json\/wp\/v2\/product\/72680\/revisions\/72681"}],"wp:featuredmedia":[{"embeddable":true,"href":"https:\/\/casafreitas.pt\/loja\/wp-json\/wp\/v2\/media\/72679"}],"wp:attachment":[{"href":"https:\/\/casafreitas.pt\/loja\/wp-json\/wp\/v2\/media?parent=72680"}],"wp:term":[{"taxonomy":"product_brand","embeddable":true,"href":"https:\/\/casafreitas.pt\/loja\/wp-json\/wp\/v2\/product_brand?post=72680"},{"taxonomy":"product_cat","embeddable":true,"href":"https:\/\/casafreitas.pt\/loja\/wp-json\/wp\/v2\/product_cat?post=72680"},{"taxonomy":"product_tag","embeddable":true,"href":"https:\/\/casafreitas.pt\/loja\/wp-json\/wp\/v2\/product_tag?post=72680"}],"curies":[{"name":"wp","href":"https:\/\/api.w.org\/{rel}","templated":true}]}}