{"id":72500,"date":"2025-09-24T10:06:26","date_gmt":"2025-09-24T10:06:26","guid":{"rendered":"https:\/\/casafreitas.pt\/loja\/produto\/termometro-exterior-digital-com-ventosa\/"},"modified":"2025-10-24T00:35:11","modified_gmt":"2025-10-24T00:35:11","slug":"termometro-exterior-digital-com-ventosa","status":"publish","type":"product","link":"https:\/\/casafreitas.pt\/loja\/produto\/termometro-exterior-digital-com-ventosa\/","title":{"rendered":"Term\u00f3metro exterior digital com ventosa"},"content":{"rendered":"","protected":false},"excerpt":{"rendered":"<p>Term\u00f3metro exterior digital com ventosa para fixar na janela ecra lcd funciona com pilhas 2xlr44 inclu\u00eddas. temperatura -20\u00b0c a 50\u00b0c euro\/u<\/p>\n","protected":false},"featured_media":72499,"comment_status":"open","ping_status":"closed","template":"","meta":[],"product_brand":[],"product_cat":[17698,18003],"product_tag":[],"class_list":{"0":"post-72500","1":"product","2":"type-product","3":"status-publish","4":"has-post-thumbnail","6":"product_cat-estacoes-meteorologicas-termometros-casa-e-decoracao","7":"product_cat-casa-decoracao","9":"first","10":"instock","11":"taxable","12":"shipping-taxable","13":"purchasable","14":"product-type-simple"},"_links":{"self":[{"href":"https:\/\/casafreitas.pt\/loja\/wp-json\/wp\/v2\/product\/72500","targetHints":{"allow":["GET"]}}],"collection":[{"href":"https:\/\/casafreitas.pt\/loja\/wp-json\/wp\/v2\/product"}],"about":[{"href":"https:\/\/casafreitas.pt\/loja\/wp-json\/wp\/v2\/types\/product"}],"replies":[{"embeddable":true,"href":"https:\/\/casafreitas.pt\/loja\/wp-json\/wp\/v2\/comments?post=72500"}],"version-history":[{"count":1,"href":"https:\/\/casafreitas.pt\/loja\/wp-json\/wp\/v2\/product\/72500\/revisions"}],"predecessor-version":[{"id":72501,"href":"https:\/\/casafreitas.pt\/loja\/wp-json\/wp\/v2\/product\/72500\/revisions\/72501"}],"wp:featuredmedia":[{"embeddable":true,"href":"https:\/\/casafreitas.pt\/loja\/wp-json\/wp\/v2\/media\/72499"}],"wp:attachment":[{"href":"https:\/\/casafreitas.pt\/loja\/wp-json\/wp\/v2\/media?parent=72500"}],"wp:term":[{"taxonomy":"product_brand","embeddable":true,"href":"https:\/\/casafreitas.pt\/loja\/wp-json\/wp\/v2\/product_brand?post=72500"},{"taxonomy":"product_cat","embeddable":true,"href":"https:\/\/casafreitas.pt\/loja\/wp-json\/wp\/v2\/product_cat?post=72500"},{"taxonomy":"product_tag","embeddable":true,"href":"https:\/\/casafreitas.pt\/loja\/wp-json\/wp\/v2\/product_tag?post=72500"}],"curies":[{"name":"wp","href":"https:\/\/api.w.org\/{rel}","templated":true}]}}