{"id":72488,"date":"2025-09-24T10:05:53","date_gmt":"2025-09-24T10:05:53","guid":{"rendered":"https:\/\/casafreitas.pt\/loja\/produto\/estacao-meteorologica-grundig\/"},"modified":"2025-11-28T22:01:43","modified_gmt":"2025-11-28T22:01:43","slug":"estacao-meteorologica-grundig","status":"publish","type":"product","link":"https:\/\/casafreitas.pt\/loja\/produto\/estacao-meteorologica-grundig\/","title":{"rendered":"Esta\u00e7\u00e3o meteorol\u00f3gica grundig"},"content":{"rendered":"","protected":false},"excerpt":{"rendered":"<p>Esta\u00e7\u00e3o meteorol\u00f3gica grundig inclu\u00ed: alarme, term\u00f3metro, humidade, e calend\u00e1rio.funciona com uma pilha aaa n\u00e3o incluida +50\u00bac\/-10\u00bac<\/p>\n","protected":false},"featured_media":72487,"comment_status":"open","ping_status":"closed","template":"","meta":[],"product_brand":[],"product_cat":[17698,18003],"product_tag":[],"class_list":{"0":"post-72488","1":"product","2":"type-product","3":"status-publish","4":"has-post-thumbnail","6":"product_cat-estacoes-meteorologicas-termometros-casa-e-decoracao","7":"product_cat-casa-decoracao","9":"first","10":"instock","11":"taxable","12":"shipping-taxable","13":"purchasable","14":"product-type-simple"},"_links":{"self":[{"href":"https:\/\/casafreitas.pt\/loja\/wp-json\/wp\/v2\/product\/72488","targetHints":{"allow":["GET"]}}],"collection":[{"href":"https:\/\/casafreitas.pt\/loja\/wp-json\/wp\/v2\/product"}],"about":[{"href":"https:\/\/casafreitas.pt\/loja\/wp-json\/wp\/v2\/types\/product"}],"replies":[{"embeddable":true,"href":"https:\/\/casafreitas.pt\/loja\/wp-json\/wp\/v2\/comments?post=72488"}],"version-history":[{"count":1,"href":"https:\/\/casafreitas.pt\/loja\/wp-json\/wp\/v2\/product\/72488\/revisions"}],"predecessor-version":[{"id":72489,"href":"https:\/\/casafreitas.pt\/loja\/wp-json\/wp\/v2\/product\/72488\/revisions\/72489"}],"wp:featuredmedia":[{"embeddable":true,"href":"https:\/\/casafreitas.pt\/loja\/wp-json\/wp\/v2\/media\/72487"}],"wp:attachment":[{"href":"https:\/\/casafreitas.pt\/loja\/wp-json\/wp\/v2\/media?parent=72488"}],"wp:term":[{"taxonomy":"product_brand","embeddable":true,"href":"https:\/\/casafreitas.pt\/loja\/wp-json\/wp\/v2\/product_brand?post=72488"},{"taxonomy":"product_cat","embeddable":true,"href":"https:\/\/casafreitas.pt\/loja\/wp-json\/wp\/v2\/product_cat?post=72488"},{"taxonomy":"product_tag","embeddable":true,"href":"https:\/\/casafreitas.pt\/loja\/wp-json\/wp\/v2\/product_tag?post=72488"}],"curies":[{"name":"wp","href":"https:\/\/api.w.org\/{rel}","templated":true}]}}