{"id":72485,"date":"2025-09-24T10:05:46","date_gmt":"2025-09-24T10:05:46","guid":{"rendered":"https:\/\/casafreitas.pt\/loja\/produto\/estacao-meteorologica-branca-grundig\/"},"modified":"2025-10-24T00:35:10","modified_gmt":"2025-10-24T00:35:10","slug":"estacao-meteorologica-branca-grundig","status":"publish","type":"product","link":"https:\/\/casafreitas.pt\/loja\/produto\/estacao-meteorologica-branca-grundig\/","title":{"rendered":"Esta\u00e7\u00e3o meteorol\u00f3gica branca grundig"},"content":{"rendered":"","protected":false},"excerpt":{"rendered":"<p>Esta\u00e7\u00e3o meteorol\u00f3gica branca grundig. inclui term\u00f3metro, rel\u00f3gio, despertador, calend\u00e1rio 12,5x65x55cm<\/p>\n","protected":false},"featured_media":72484,"comment_status":"open","ping_status":"closed","template":"","meta":[],"product_brand":[],"product_cat":[17698,18003],"product_tag":[],"class_list":{"0":"post-72485","1":"product","2":"type-product","3":"status-publish","4":"has-post-thumbnail","6":"product_cat-estacoes-meteorologicas-termometros-casa-e-decoracao","7":"product_cat-casa-decoracao","9":"first","10":"instock","11":"taxable","12":"shipping-taxable","13":"purchasable","14":"product-type-simple"},"_links":{"self":[{"href":"https:\/\/casafreitas.pt\/loja\/wp-json\/wp\/v2\/product\/72485","targetHints":{"allow":["GET"]}}],"collection":[{"href":"https:\/\/casafreitas.pt\/loja\/wp-json\/wp\/v2\/product"}],"about":[{"href":"https:\/\/casafreitas.pt\/loja\/wp-json\/wp\/v2\/types\/product"}],"replies":[{"embeddable":true,"href":"https:\/\/casafreitas.pt\/loja\/wp-json\/wp\/v2\/comments?post=72485"}],"version-history":[{"count":1,"href":"https:\/\/casafreitas.pt\/loja\/wp-json\/wp\/v2\/product\/72485\/revisions"}],"predecessor-version":[{"id":72486,"href":"https:\/\/casafreitas.pt\/loja\/wp-json\/wp\/v2\/product\/72485\/revisions\/72486"}],"wp:featuredmedia":[{"embeddable":true,"href":"https:\/\/casafreitas.pt\/loja\/wp-json\/wp\/v2\/media\/72484"}],"wp:attachment":[{"href":"https:\/\/casafreitas.pt\/loja\/wp-json\/wp\/v2\/media?parent=72485"}],"wp:term":[{"taxonomy":"product_brand","embeddable":true,"href":"https:\/\/casafreitas.pt\/loja\/wp-json\/wp\/v2\/product_brand?post=72485"},{"taxonomy":"product_cat","embeddable":true,"href":"https:\/\/casafreitas.pt\/loja\/wp-json\/wp\/v2\/product_cat?post=72485"},{"taxonomy":"product_tag","embeddable":true,"href":"https:\/\/casafreitas.pt\/loja\/wp-json\/wp\/v2\/product_tag?post=72485"}],"curies":[{"name":"wp","href":"https:\/\/api.w.org\/{rel}","templated":true}]}}