{"id":72449,"date":"2025-09-24T10:04:12","date_gmt":"2025-09-24T10:04:12","guid":{"rendered":"https:\/\/casafreitas.pt\/loja\/produto\/porta-sanitaria-aco-inox-ouro-65-x-95-cm\/"},"modified":"2025-10-24T00:35:09","modified_gmt":"2025-10-24T00:35:09","slug":"porta-sanitaria-aco-inox-ouro-65-x-95-cm","status":"publish","type":"product","link":"https:\/\/casafreitas.pt\/loja\/produto\/porta-sanitaria-aco-inox-ouro-65-x-95-cm\/","title":{"rendered":"Porta sanit\u00e1ria, a\u00e7o inox, ouro, \u00f8 6,5 x 9,5 cm"},"content":{"rendered":"","protected":false},"excerpt":{"rendered":"<p>Porta sanit\u00e1ria em a\u00e7o inoxid\u00e1vel dourado. medidas: \u00f8 6,5 x 9,5 cm<\/p>\n","protected":false},"featured_media":72448,"comment_status":"open","ping_status":"closed","template":"","meta":[],"product_brand":[],"product_cat":[12493,18004],"product_tag":[],"class_list":{"0":"post-72449","1":"product","2":"type-product","3":"status-publish","4":"has-post-thumbnail","6":"product_cat-acessorios-de-casa-de-banho","7":"product_cat-construcao","9":"first","10":"instock","11":"taxable","12":"shipping-taxable","13":"purchasable","14":"product-type-simple"},"_links":{"self":[{"href":"https:\/\/casafreitas.pt\/loja\/wp-json\/wp\/v2\/product\/72449","targetHints":{"allow":["GET"]}}],"collection":[{"href":"https:\/\/casafreitas.pt\/loja\/wp-json\/wp\/v2\/product"}],"about":[{"href":"https:\/\/casafreitas.pt\/loja\/wp-json\/wp\/v2\/types\/product"}],"replies":[{"embeddable":true,"href":"https:\/\/casafreitas.pt\/loja\/wp-json\/wp\/v2\/comments?post=72449"}],"version-history":[{"count":1,"href":"https:\/\/casafreitas.pt\/loja\/wp-json\/wp\/v2\/product\/72449\/revisions"}],"predecessor-version":[{"id":72450,"href":"https:\/\/casafreitas.pt\/loja\/wp-json\/wp\/v2\/product\/72449\/revisions\/72450"}],"wp:featuredmedia":[{"embeddable":true,"href":"https:\/\/casafreitas.pt\/loja\/wp-json\/wp\/v2\/media\/72448"}],"wp:attachment":[{"href":"https:\/\/casafreitas.pt\/loja\/wp-json\/wp\/v2\/media?parent=72449"}],"wp:term":[{"taxonomy":"product_brand","embeddable":true,"href":"https:\/\/casafreitas.pt\/loja\/wp-json\/wp\/v2\/product_brand?post=72449"},{"taxonomy":"product_cat","embeddable":true,"href":"https:\/\/casafreitas.pt\/loja\/wp-json\/wp\/v2\/product_cat?post=72449"},{"taxonomy":"product_tag","embeddable":true,"href":"https:\/\/casafreitas.pt\/loja\/wp-json\/wp\/v2\/product_tag?post=72449"}],"curies":[{"name":"wp","href":"https:\/\/api.w.org\/{rel}","templated":true}]}}