{"id":72252,"date":"2025-09-24T09:50:12","date_gmt":"2025-09-24T09:50:12","guid":{"rendered":"https:\/\/casafreitas.pt\/loja\/produto\/bigmagik-conexao-flexivel-extensivel-wc-o110mm-b8250ex55b0-prhie\/"},"modified":"2025-10-24T00:34:56","modified_gmt":"2025-10-24T00:34:56","slug":"bigmagik-conexao-flexivel-extensivel-wc-o110mm-b8250ex55b0-prhie","status":"publish","type":"product","link":"https:\/\/casafreitas.pt\/loja\/produto\/bigmagik-conexao-flexivel-extensivel-wc-o110mm-b8250ex55b0-prhie\/","title":{"rendered":"Bigmagik conex\u00e3o flexivel extensivel wc \u00f8110mm b8250ex55b0 prhie"},"content":{"rendered":"","protected":false},"excerpt":{"rendered":"<p>Bigmagik conex\u00e3o flexivel extensivel wc \u00f8110mm b8250ex55b0 prhie<\/p>\n","protected":false},"featured_media":72251,"comment_status":"open","ping_status":"closed","template":"","meta":[],"product_brand":[],"product_cat":[17546,18004],"product_tag":[],"class_list":{"0":"post-72252","1":"product","2":"type-product","3":"status-publish","4":"has-post-thumbnail","6":"product_cat-dreno-construcao","7":"product_cat-construcao","9":"first","10":"instock","11":"taxable","12":"shipping-taxable","13":"purchasable","14":"product-type-simple"},"_links":{"self":[{"href":"https:\/\/casafreitas.pt\/loja\/wp-json\/wp\/v2\/product\/72252","targetHints":{"allow":["GET"]}}],"collection":[{"href":"https:\/\/casafreitas.pt\/loja\/wp-json\/wp\/v2\/product"}],"about":[{"href":"https:\/\/casafreitas.pt\/loja\/wp-json\/wp\/v2\/types\/product"}],"replies":[{"embeddable":true,"href":"https:\/\/casafreitas.pt\/loja\/wp-json\/wp\/v2\/comments?post=72252"}],"version-history":[{"count":1,"href":"https:\/\/casafreitas.pt\/loja\/wp-json\/wp\/v2\/product\/72252\/revisions"}],"predecessor-version":[{"id":72253,"href":"https:\/\/casafreitas.pt\/loja\/wp-json\/wp\/v2\/product\/72252\/revisions\/72253"}],"wp:featuredmedia":[{"embeddable":true,"href":"https:\/\/casafreitas.pt\/loja\/wp-json\/wp\/v2\/media\/72251"}],"wp:attachment":[{"href":"https:\/\/casafreitas.pt\/loja\/wp-json\/wp\/v2\/media?parent=72252"}],"wp:term":[{"taxonomy":"product_brand","embeddable":true,"href":"https:\/\/casafreitas.pt\/loja\/wp-json\/wp\/v2\/product_brand?post=72252"},{"taxonomy":"product_cat","embeddable":true,"href":"https:\/\/casafreitas.pt\/loja\/wp-json\/wp\/v2\/product_cat?post=72252"},{"taxonomy":"product_tag","embeddable":true,"href":"https:\/\/casafreitas.pt\/loja\/wp-json\/wp\/v2\/product_tag?post=72252"}],"curies":[{"name":"wp","href":"https:\/\/api.w.org\/{rel}","templated":true}]}}