{"id":72036,"date":"2025-09-24T09:40:00","date_gmt":"2025-09-24T09:40:00","guid":{"rendered":"https:\/\/casafreitas.pt\/loja\/produto\/valvula-lava-louca-o115mm-com-respiro-grelha-embalado\/"},"modified":"2025-10-24T00:34:46","modified_gmt":"2025-10-24T00:34:46","slug":"valvula-lava-louca-o115mm-com-respiro-grelha-embalado","status":"publish","type":"product","link":"https:\/\/casafreitas.pt\/loja\/produto\/valvula-lava-louca-o115mm-com-respiro-grelha-embalado\/","title":{"rendered":"V\u00e1lvula de lava-lou\u00e7a \u00f8115mm com respiro e grelha (embalado)"},"content":{"rendered":"","protected":false},"excerpt":{"rendered":"<p>V\u00e1lvula de lava-lou\u00e7a \u00f8115mm com respiro e grelha (embalado)<\/p>\n","protected":false},"featured_media":72035,"comment_status":"open","ping_status":"closed","template":"","meta":[],"product_brand":[],"product_cat":[17546,18004],"product_tag":[],"class_list":{"0":"post-72036","1":"product","2":"type-product","3":"status-publish","4":"has-post-thumbnail","6":"product_cat-dreno-construcao","7":"product_cat-construcao","9":"first","10":"instock","11":"taxable","12":"shipping-taxable","13":"purchasable","14":"product-type-simple"},"_links":{"self":[{"href":"https:\/\/casafreitas.pt\/loja\/wp-json\/wp\/v2\/product\/72036","targetHints":{"allow":["GET"]}}],"collection":[{"href":"https:\/\/casafreitas.pt\/loja\/wp-json\/wp\/v2\/product"}],"about":[{"href":"https:\/\/casafreitas.pt\/loja\/wp-json\/wp\/v2\/types\/product"}],"replies":[{"embeddable":true,"href":"https:\/\/casafreitas.pt\/loja\/wp-json\/wp\/v2\/comments?post=72036"}],"version-history":[{"count":1,"href":"https:\/\/casafreitas.pt\/loja\/wp-json\/wp\/v2\/product\/72036\/revisions"}],"predecessor-version":[{"id":72037,"href":"https:\/\/casafreitas.pt\/loja\/wp-json\/wp\/v2\/product\/72036\/revisions\/72037"}],"wp:featuredmedia":[{"embeddable":true,"href":"https:\/\/casafreitas.pt\/loja\/wp-json\/wp\/v2\/media\/72035"}],"wp:attachment":[{"href":"https:\/\/casafreitas.pt\/loja\/wp-json\/wp\/v2\/media?parent=72036"}],"wp:term":[{"taxonomy":"product_brand","embeddable":true,"href":"https:\/\/casafreitas.pt\/loja\/wp-json\/wp\/v2\/product_brand?post=72036"},{"taxonomy":"product_cat","embeddable":true,"href":"https:\/\/casafreitas.pt\/loja\/wp-json\/wp\/v2\/product_cat?post=72036"},{"taxonomy":"product_tag","embeddable":true,"href":"https:\/\/casafreitas.pt\/loja\/wp-json\/wp\/v2\/product_tag?post=72036"}],"curies":[{"name":"wp","href":"https:\/\/api.w.org\/{rel}","templated":true}]}}