{"id":71967,"date":"2025-09-24T09:36:58","date_gmt":"2025-09-24T09:36:58","guid":{"rendered":"https:\/\/casafreitas.pt\/loja\/produto\/varao-branco-para-cortina-angular-80-x-80-cm\/"},"modified":"2025-10-24T00:34:41","modified_gmt":"2025-10-24T00:34:41","slug":"varao-branco-para-cortina-angular-80-x-80-cm","status":"publish","type":"product","link":"https:\/\/casafreitas.pt\/loja\/produto\/varao-branco-para-cortina-angular-80-x-80-cm\/","title":{"rendered":"Var\u00e3o branco para cortina angular de 80 x 80 cm"},"content":{"rendered":"","protected":false},"excerpt":{"rendered":"<p>Var\u00e3o de cortina curvo branco fabricado em pl\u00e1stico pvc extens\u00edvel, 80 x 80 cm<\/p>\n","protected":false},"featured_media":71966,"comment_status":"open","ping_status":"closed","template":"","meta":[],"product_brand":[],"product_cat":[17543,18004],"product_tag":[],"class_list":{"0":"post-71967","1":"product","2":"type-product","3":"status-publish","4":"has-post-thumbnail","6":"product_cat-cortinas-de-duche-barras-de-casa-de-banho-construcao","7":"product_cat-construcao","9":"first","10":"instock","11":"taxable","12":"shipping-taxable","13":"purchasable","14":"product-type-simple"},"_links":{"self":[{"href":"https:\/\/casafreitas.pt\/loja\/wp-json\/wp\/v2\/product\/71967","targetHints":{"allow":["GET"]}}],"collection":[{"href":"https:\/\/casafreitas.pt\/loja\/wp-json\/wp\/v2\/product"}],"about":[{"href":"https:\/\/casafreitas.pt\/loja\/wp-json\/wp\/v2\/types\/product"}],"replies":[{"embeddable":true,"href":"https:\/\/casafreitas.pt\/loja\/wp-json\/wp\/v2\/comments?post=71967"}],"version-history":[{"count":1,"href":"https:\/\/casafreitas.pt\/loja\/wp-json\/wp\/v2\/product\/71967\/revisions"}],"predecessor-version":[{"id":71968,"href":"https:\/\/casafreitas.pt\/loja\/wp-json\/wp\/v2\/product\/71967\/revisions\/71968"}],"wp:featuredmedia":[{"embeddable":true,"href":"https:\/\/casafreitas.pt\/loja\/wp-json\/wp\/v2\/media\/71966"}],"wp:attachment":[{"href":"https:\/\/casafreitas.pt\/loja\/wp-json\/wp\/v2\/media?parent=71967"}],"wp:term":[{"taxonomy":"product_brand","embeddable":true,"href":"https:\/\/casafreitas.pt\/loja\/wp-json\/wp\/v2\/product_brand?post=71967"},{"taxonomy":"product_cat","embeddable":true,"href":"https:\/\/casafreitas.pt\/loja\/wp-json\/wp\/v2\/product_cat?post=71967"},{"taxonomy":"product_tag","embeddable":true,"href":"https:\/\/casafreitas.pt\/loja\/wp-json\/wp\/v2\/product_tag?post=71967"}],"curies":[{"name":"wp","href":"https:\/\/api.w.org\/{rel}","templated":true}]}}