{"id":71925,"date":"2025-09-24T09:35:03","date_gmt":"2025-09-24T09:35:03","guid":{"rendered":"https:\/\/casafreitas.pt\/loja\/produto\/dispensador-madeira-freixo-o8x17cm-andrea-house\/"},"modified":"2025-10-24T00:34:39","modified_gmt":"2025-10-24T00:34:39","slug":"dispensador-madeira-freixo-o8x17cm-andrea-house","status":"publish","type":"product","link":"https:\/\/casafreitas.pt\/loja\/produto\/dispensador-madeira-freixo-o8x17cm-andrea-house\/","title":{"rendered":"Dispensador madeira freixo \u00f88x17cm andrea house"},"content":{"rendered":"","protected":false},"excerpt":{"rendered":"<p>Dispensador madeira freixo \u00f88x17cm andrea house. doseador de arenito com v\u00e1lvula ext. madeira freixo. capacidade 280ml.<\/p>\n","protected":false},"featured_media":71924,"comment_status":"open","ping_status":"closed","template":"","meta":[],"product_brand":[],"product_cat":[12493,18004],"product_tag":[],"class_list":{"0":"post-71925","1":"product","2":"type-product","3":"status-publish","4":"has-post-thumbnail","6":"product_cat-acessorios-de-casa-de-banho","7":"product_cat-construcao","9":"first","10":"instock","11":"taxable","12":"shipping-taxable","13":"purchasable","14":"product-type-simple"},"_links":{"self":[{"href":"https:\/\/casafreitas.pt\/loja\/wp-json\/wp\/v2\/product\/71925","targetHints":{"allow":["GET"]}}],"collection":[{"href":"https:\/\/casafreitas.pt\/loja\/wp-json\/wp\/v2\/product"}],"about":[{"href":"https:\/\/casafreitas.pt\/loja\/wp-json\/wp\/v2\/types\/product"}],"replies":[{"embeddable":true,"href":"https:\/\/casafreitas.pt\/loja\/wp-json\/wp\/v2\/comments?post=71925"}],"version-history":[{"count":1,"href":"https:\/\/casafreitas.pt\/loja\/wp-json\/wp\/v2\/product\/71925\/revisions"}],"predecessor-version":[{"id":71926,"href":"https:\/\/casafreitas.pt\/loja\/wp-json\/wp\/v2\/product\/71925\/revisions\/71926"}],"wp:featuredmedia":[{"embeddable":true,"href":"https:\/\/casafreitas.pt\/loja\/wp-json\/wp\/v2\/media\/71924"}],"wp:attachment":[{"href":"https:\/\/casafreitas.pt\/loja\/wp-json\/wp\/v2\/media?parent=71925"}],"wp:term":[{"taxonomy":"product_brand","embeddable":true,"href":"https:\/\/casafreitas.pt\/loja\/wp-json\/wp\/v2\/product_brand?post=71925"},{"taxonomy":"product_cat","embeddable":true,"href":"https:\/\/casafreitas.pt\/loja\/wp-json\/wp\/v2\/product_cat?post=71925"},{"taxonomy":"product_tag","embeddable":true,"href":"https:\/\/casafreitas.pt\/loja\/wp-json\/wp\/v2\/product_tag?post=71925"}],"curies":[{"name":"wp","href":"https:\/\/api.w.org\/{rel}","templated":true}]}}