{"id":71877,"date":"2025-09-24T09:32:12","date_gmt":"2025-09-24T09:32:12","guid":{"rendered":"https:\/\/casafreitas.pt\/loja\/produto\/piacaba-wc-davos-preto-mate-24833100-wenko\/"},"modified":"2025-11-15T22:03:10","modified_gmt":"2025-11-15T22:03:10","slug":"piacaba-wc-davos-preto-mate-24833100-wenko","status":"publish","type":"product","link":"https:\/\/casafreitas.pt\/loja\/produto\/piacaba-wc-davos-preto-mate-24833100-wenko\/","title":{"rendered":"Pia\u00e7aba wc davos preto mate 24833100 wenko"},"content":{"rendered":"","protected":false},"excerpt":{"rendered":"<p>Pia\u00e7aba wc davos preto mate. pl\u00e1stico mate de qualidade<\/p>\n","protected":false},"featured_media":71876,"comment_status":"open","ping_status":"closed","template":"","meta":[],"product_brand":[],"product_cat":[12473,18004],"product_tag":[],"class_list":{"0":"post-71877","1":"product","2":"type-product","3":"status-publish","4":"has-post-thumbnail","6":"product_cat-porta-rolo-porta-escovas","7":"product_cat-construcao","9":"first","10":"instock","11":"taxable","12":"shipping-taxable","13":"purchasable","14":"product-type-simple"},"_links":{"self":[{"href":"https:\/\/casafreitas.pt\/loja\/wp-json\/wp\/v2\/product\/71877","targetHints":{"allow":["GET"]}}],"collection":[{"href":"https:\/\/casafreitas.pt\/loja\/wp-json\/wp\/v2\/product"}],"about":[{"href":"https:\/\/casafreitas.pt\/loja\/wp-json\/wp\/v2\/types\/product"}],"replies":[{"embeddable":true,"href":"https:\/\/casafreitas.pt\/loja\/wp-json\/wp\/v2\/comments?post=71877"}],"version-history":[{"count":1,"href":"https:\/\/casafreitas.pt\/loja\/wp-json\/wp\/v2\/product\/71877\/revisions"}],"predecessor-version":[{"id":71878,"href":"https:\/\/casafreitas.pt\/loja\/wp-json\/wp\/v2\/product\/71877\/revisions\/71878"}],"wp:featuredmedia":[{"embeddable":true,"href":"https:\/\/casafreitas.pt\/loja\/wp-json\/wp\/v2\/media\/71876"}],"wp:attachment":[{"href":"https:\/\/casafreitas.pt\/loja\/wp-json\/wp\/v2\/media?parent=71877"}],"wp:term":[{"taxonomy":"product_brand","embeddable":true,"href":"https:\/\/casafreitas.pt\/loja\/wp-json\/wp\/v2\/product_brand?post=71877"},{"taxonomy":"product_cat","embeddable":true,"href":"https:\/\/casafreitas.pt\/loja\/wp-json\/wp\/v2\/product_cat?post=71877"},{"taxonomy":"product_tag","embeddable":true,"href":"https:\/\/casafreitas.pt\/loja\/wp-json\/wp\/v2\/product_tag?post=71877"}],"curies":[{"name":"wp","href":"https:\/\/api.w.org\/{rel}","templated":true}]}}