{"id":71718,"date":"2025-09-24T09:25:05","date_gmt":"2025-09-24T09:25:05","guid":{"rendered":"https:\/\/casafreitas.pt\/loja\/produto\/kit-excentricas-extensiveis-compridas\/"},"modified":"2025-10-24T00:34:29","modified_gmt":"2025-10-24T00:34:29","slug":"kit-excentricas-extensiveis-compridas","status":"publish","type":"product","link":"https:\/\/casafreitas.pt\/loja\/produto\/kit-excentricas-extensiveis-compridas\/","title":{"rendered":"Kit exc\u00eantricas extens\u00edveis compridas"},"content":{"rendered":"","protected":false},"excerpt":{"rendered":"<p>Kit exc\u00eantricas extens\u00edveis compridas; composto por 2 pe\u00e7as exc\u00eantricas de 1\/2&#8243;-3\/4&#8243;, 10 x (55-80) mm; 2 pe\u00e7as juntas de \u00f813 &#8211; \u00f825 mm<\/p>\n","protected":false},"featured_media":71717,"comment_status":"open","ping_status":"closed","template":"","meta":[],"product_brand":[],"product_cat":[12477,18004],"product_tag":[12491],"class_list":{"0":"post-71718","1":"product","2":"type-product","3":"status-publish","4":"has-post-thumbnail","6":"product_cat-acessorios-construcao","7":"product_cat-construcao","8":"product_tag-verhal","10":"first","11":"instock","12":"taxable","13":"shipping-taxable","14":"purchasable","15":"product-type-simple"},"_links":{"self":[{"href":"https:\/\/casafreitas.pt\/loja\/wp-json\/wp\/v2\/product\/71718","targetHints":{"allow":["GET"]}}],"collection":[{"href":"https:\/\/casafreitas.pt\/loja\/wp-json\/wp\/v2\/product"}],"about":[{"href":"https:\/\/casafreitas.pt\/loja\/wp-json\/wp\/v2\/types\/product"}],"replies":[{"embeddable":true,"href":"https:\/\/casafreitas.pt\/loja\/wp-json\/wp\/v2\/comments?post=71718"}],"version-history":[{"count":1,"href":"https:\/\/casafreitas.pt\/loja\/wp-json\/wp\/v2\/product\/71718\/revisions"}],"predecessor-version":[{"id":71719,"href":"https:\/\/casafreitas.pt\/loja\/wp-json\/wp\/v2\/product\/71718\/revisions\/71719"}],"wp:featuredmedia":[{"embeddable":true,"href":"https:\/\/casafreitas.pt\/loja\/wp-json\/wp\/v2\/media\/71717"}],"wp:attachment":[{"href":"https:\/\/casafreitas.pt\/loja\/wp-json\/wp\/v2\/media?parent=71718"}],"wp:term":[{"taxonomy":"product_brand","embeddable":true,"href":"https:\/\/casafreitas.pt\/loja\/wp-json\/wp\/v2\/product_brand?post=71718"},{"taxonomy":"product_cat","embeddable":true,"href":"https:\/\/casafreitas.pt\/loja\/wp-json\/wp\/v2\/product_cat?post=71718"},{"taxonomy":"product_tag","embeddable":true,"href":"https:\/\/casafreitas.pt\/loja\/wp-json\/wp\/v2\/product_tag?post=71718"}],"curies":[{"name":"wp","href":"https:\/\/api.w.org\/{rel}","templated":true}]}}