{"id":71337,"date":"2025-09-24T09:09:01","date_gmt":"2025-09-24T09:09:01","guid":{"rendered":"https:\/\/casafreitas.pt\/loja\/produto\/tapete-banho-esculpido-antiderrapante-cores-variadas-45-x-75-cm\/"},"modified":"2025-10-24T00:34:05","modified_gmt":"2025-10-24T00:34:05","slug":"tapete-banho-esculpido-antiderrapante-cores-variadas-45-x-75-cm","status":"publish","type":"product","link":"https:\/\/casafreitas.pt\/loja\/produto\/tapete-banho-esculpido-antiderrapante-cores-variadas-45-x-75-cm\/","title":{"rendered":"Tapete de banho esculpido antiderrapante, cores variadas, 45 x 75 cm"},"content":{"rendered":"","protected":false},"excerpt":{"rendered":"<p>Tapete de banho retangular esculpido, cores variadas, 100% poli\u00e9ster com fios de microfibra de 12 mm, parte traseira feita com l\u00e1tex para evitar escorregamentos. lav\u00e1vel a 30\u00bac. dimens\u00f5es 45 x 75 cm<\/p>\n","protected":false},"featured_media":71336,"comment_status":"open","ping_status":"closed","template":"","meta":[],"product_brand":[],"product_cat":[17652,18004],"product_tag":[],"class_list":{"0":"post-71337","1":"product","2":"type-product","3":"status-publish","4":"has-post-thumbnail","6":"product_cat-tapetes-de-casa-de-banho-construcao","7":"product_cat-construcao","9":"first","10":"instock","11":"taxable","12":"shipping-taxable","13":"purchasable","14":"product-type-simple"},"_links":{"self":[{"href":"https:\/\/casafreitas.pt\/loja\/wp-json\/wp\/v2\/product\/71337","targetHints":{"allow":["GET"]}}],"collection":[{"href":"https:\/\/casafreitas.pt\/loja\/wp-json\/wp\/v2\/product"}],"about":[{"href":"https:\/\/casafreitas.pt\/loja\/wp-json\/wp\/v2\/types\/product"}],"replies":[{"embeddable":true,"href":"https:\/\/casafreitas.pt\/loja\/wp-json\/wp\/v2\/comments?post=71337"}],"version-history":[{"count":1,"href":"https:\/\/casafreitas.pt\/loja\/wp-json\/wp\/v2\/product\/71337\/revisions"}],"predecessor-version":[{"id":71338,"href":"https:\/\/casafreitas.pt\/loja\/wp-json\/wp\/v2\/product\/71337\/revisions\/71338"}],"wp:featuredmedia":[{"embeddable":true,"href":"https:\/\/casafreitas.pt\/loja\/wp-json\/wp\/v2\/media\/71336"}],"wp:attachment":[{"href":"https:\/\/casafreitas.pt\/loja\/wp-json\/wp\/v2\/media?parent=71337"}],"wp:term":[{"taxonomy":"product_brand","embeddable":true,"href":"https:\/\/casafreitas.pt\/loja\/wp-json\/wp\/v2\/product_brand?post=71337"},{"taxonomy":"product_cat","embeddable":true,"href":"https:\/\/casafreitas.pt\/loja\/wp-json\/wp\/v2\/product_cat?post=71337"},{"taxonomy":"product_tag","embeddable":true,"href":"https:\/\/casafreitas.pt\/loja\/wp-json\/wp\/v2\/product_tag?post=71337"}],"curies":[{"name":"wp","href":"https:\/\/api.w.org\/{rel}","templated":true}]}}