{"id":71079,"date":"2025-09-24T08:57:13","date_gmt":"2025-09-24T08:57:13","guid":{"rendered":"https:\/\/casafreitas.pt\/loja\/produto\/ligacao-h-270-1-2-x-15-mm-latao\/"},"modified":"2025-10-24T00:33:54","modified_gmt":"2025-10-24T00:33:54","slug":"ligacao-h-270-1-2-x-15-mm-latao","status":"publish","type":"product","link":"https:\/\/casafreitas.pt\/loja\/produto\/ligacao-h-270-1-2-x-15-mm-latao\/","title":{"rendered":"Liga\u00e7\u00e3o h 270 1\/2&#8243; x 15 mm lat\u00e3o"},"content":{"rendered":"","protected":false},"excerpt":{"rendered":"<p>Liga\u00e7\u00e3o h 270 1\/2&#8243; x 15 mm lat\u00e3o<\/p>\n","protected":false},"featured_media":71078,"comment_status":"open","ping_status":"closed","template":"","meta":[],"product_brand":[],"product_cat":[12477,18004],"product_tag":[12478],"class_list":{"0":"post-71079","1":"product","2":"type-product","3":"status-publish","4":"has-post-thumbnail","6":"product_cat-acessorios-construcao","7":"product_cat-construcao","8":"product_tag-metalgrup","10":"first","11":"instock","12":"taxable","13":"shipping-taxable","14":"purchasable","15":"product-type-simple"},"_links":{"self":[{"href":"https:\/\/casafreitas.pt\/loja\/wp-json\/wp\/v2\/product\/71079","targetHints":{"allow":["GET"]}}],"collection":[{"href":"https:\/\/casafreitas.pt\/loja\/wp-json\/wp\/v2\/product"}],"about":[{"href":"https:\/\/casafreitas.pt\/loja\/wp-json\/wp\/v2\/types\/product"}],"replies":[{"embeddable":true,"href":"https:\/\/casafreitas.pt\/loja\/wp-json\/wp\/v2\/comments?post=71079"}],"version-history":[{"count":1,"href":"https:\/\/casafreitas.pt\/loja\/wp-json\/wp\/v2\/product\/71079\/revisions"}],"predecessor-version":[{"id":71080,"href":"https:\/\/casafreitas.pt\/loja\/wp-json\/wp\/v2\/product\/71079\/revisions\/71080"}],"wp:featuredmedia":[{"embeddable":true,"href":"https:\/\/casafreitas.pt\/loja\/wp-json\/wp\/v2\/media\/71078"}],"wp:attachment":[{"href":"https:\/\/casafreitas.pt\/loja\/wp-json\/wp\/v2\/media?parent=71079"}],"wp:term":[{"taxonomy":"product_brand","embeddable":true,"href":"https:\/\/casafreitas.pt\/loja\/wp-json\/wp\/v2\/product_brand?post=71079"},{"taxonomy":"product_cat","embeddable":true,"href":"https:\/\/casafreitas.pt\/loja\/wp-json\/wp\/v2\/product_cat?post=71079"},{"taxonomy":"product_tag","embeddable":true,"href":"https:\/\/casafreitas.pt\/loja\/wp-json\/wp\/v2\/product_tag?post=71079"}],"curies":[{"name":"wp","href":"https:\/\/api.w.org\/{rel}","templated":true}]}}