{"id":71070,"date":"2025-09-24T08:56:49","date_gmt":"2025-09-24T08:56:49","guid":{"rendered":"https:\/\/casafreitas.pt\/loja\/produto\/te-femea-130-1-2-x-15-mm-latao\/"},"modified":"2025-10-24T00:33:51","modified_gmt":"2025-10-24T00:33:51","slug":"te-femea-130-1-2-x-15-mm-latao","status":"publish","type":"product","link":"https:\/\/casafreitas.pt\/loja\/produto\/te-femea-130-1-2-x-15-mm-latao\/","title":{"rendered":"T\u00ea f\u00eamea 130 1\/2&#8243; x 15 mm lat\u00e3o"},"content":{"rendered":"","protected":false},"excerpt":{"rendered":"<p>T\u00ea f\u00eamea 130 1\/2&#8243; x 15 mm lat\u00e3o<\/p>\n","protected":false},"featured_media":71069,"comment_status":"open","ping_status":"closed","template":"","meta":[],"product_brand":[],"product_cat":[12477,18004],"product_tag":[12478],"class_list":{"0":"post-71070","1":"product","2":"type-product","3":"status-publish","4":"has-post-thumbnail","6":"product_cat-acessorios-construcao","7":"product_cat-construcao","8":"product_tag-metalgrup","10":"first","11":"instock","12":"taxable","13":"shipping-taxable","14":"purchasable","15":"product-type-simple"},"_links":{"self":[{"href":"https:\/\/casafreitas.pt\/loja\/wp-json\/wp\/v2\/product\/71070","targetHints":{"allow":["GET"]}}],"collection":[{"href":"https:\/\/casafreitas.pt\/loja\/wp-json\/wp\/v2\/product"}],"about":[{"href":"https:\/\/casafreitas.pt\/loja\/wp-json\/wp\/v2\/types\/product"}],"replies":[{"embeddable":true,"href":"https:\/\/casafreitas.pt\/loja\/wp-json\/wp\/v2\/comments?post=71070"}],"version-history":[{"count":1,"href":"https:\/\/casafreitas.pt\/loja\/wp-json\/wp\/v2\/product\/71070\/revisions"}],"predecessor-version":[{"id":71071,"href":"https:\/\/casafreitas.pt\/loja\/wp-json\/wp\/v2\/product\/71070\/revisions\/71071"}],"wp:featuredmedia":[{"embeddable":true,"href":"https:\/\/casafreitas.pt\/loja\/wp-json\/wp\/v2\/media\/71069"}],"wp:attachment":[{"href":"https:\/\/casafreitas.pt\/loja\/wp-json\/wp\/v2\/media?parent=71070"}],"wp:term":[{"taxonomy":"product_brand","embeddable":true,"href":"https:\/\/casafreitas.pt\/loja\/wp-json\/wp\/v2\/product_brand?post=71070"},{"taxonomy":"product_cat","embeddable":true,"href":"https:\/\/casafreitas.pt\/loja\/wp-json\/wp\/v2\/product_cat?post=71070"},{"taxonomy":"product_tag","embeddable":true,"href":"https:\/\/casafreitas.pt\/loja\/wp-json\/wp\/v2\/product_tag?post=71070"}],"curies":[{"name":"wp","href":"https:\/\/api.w.org\/{rel}","templated":true}]}}