{"id":71031,"date":"2025-09-24T08:55:05","date_gmt":"2025-09-24T08:55:05","guid":{"rendered":"https:\/\/casafreitas.pt\/loja\/produto\/assento-parede-para-banheira-branco-36-x-40-cm\/"},"modified":"2025-10-24T00:33:49","modified_gmt":"2025-10-24T00:33:49","slug":"assento-parede-para-banheira-branco-36-x-40-cm","status":"publish","type":"product","link":"https:\/\/casafreitas.pt\/loja\/produto\/assento-parede-para-banheira-branco-36-x-40-cm\/","title":{"rendered":"Assento de parede para banheira, branco, 36 x 40 cm"},"content":{"rendered":"","protected":false},"excerpt":{"rendered":"<p>Assento de banho dobr\u00e1vel de parede, assento branco (35 x 25 cm), tubos e parafusos de a\u00e7o inoxid\u00e1vel e abs decorativo, 36 x 40 cm<\/p>\n","protected":false},"featured_media":71030,"comment_status":"open","ping_status":"closed","template":"","meta":[],"product_brand":[],"product_cat":[17644,18004],"product_tag":[],"class_list":{"0":"post-71031","1":"product","2":"type-product","3":"status-publish","4":"has-post-thumbnail","6":"product_cat-seguranca-do-banheiro-construcao","7":"product_cat-construcao","9":"first","10":"instock","11":"taxable","12":"shipping-taxable","13":"purchasable","14":"product-type-simple"},"_links":{"self":[{"href":"https:\/\/casafreitas.pt\/loja\/wp-json\/wp\/v2\/product\/71031","targetHints":{"allow":["GET"]}}],"collection":[{"href":"https:\/\/casafreitas.pt\/loja\/wp-json\/wp\/v2\/product"}],"about":[{"href":"https:\/\/casafreitas.pt\/loja\/wp-json\/wp\/v2\/types\/product"}],"replies":[{"embeddable":true,"href":"https:\/\/casafreitas.pt\/loja\/wp-json\/wp\/v2\/comments?post=71031"}],"version-history":[{"count":1,"href":"https:\/\/casafreitas.pt\/loja\/wp-json\/wp\/v2\/product\/71031\/revisions"}],"predecessor-version":[{"id":71032,"href":"https:\/\/casafreitas.pt\/loja\/wp-json\/wp\/v2\/product\/71031\/revisions\/71032"}],"wp:featuredmedia":[{"embeddable":true,"href":"https:\/\/casafreitas.pt\/loja\/wp-json\/wp\/v2\/media\/71030"}],"wp:attachment":[{"href":"https:\/\/casafreitas.pt\/loja\/wp-json\/wp\/v2\/media?parent=71031"}],"wp:term":[{"taxonomy":"product_brand","embeddable":true,"href":"https:\/\/casafreitas.pt\/loja\/wp-json\/wp\/v2\/product_brand?post=71031"},{"taxonomy":"product_cat","embeddable":true,"href":"https:\/\/casafreitas.pt\/loja\/wp-json\/wp\/v2\/product_cat?post=71031"},{"taxonomy":"product_tag","embeddable":true,"href":"https:\/\/casafreitas.pt\/loja\/wp-json\/wp\/v2\/product_tag?post=71031"}],"curies":[{"name":"wp","href":"https:\/\/api.w.org\/{rel}","templated":true}]}}