{"id":71013,"date":"2025-09-24T08:54:18","date_gmt":"2025-09-24T08:54:18","guid":{"rendered":"https:\/\/casafreitas.pt\/loja\/produto\/cabo-banho-branco-225-x-515-cm\/"},"modified":"2025-10-24T00:33:49","modified_gmt":"2025-10-24T00:33:49","slug":"cabo-banho-branco-225-x-515-cm","status":"publish","type":"product","link":"https:\/\/casafreitas.pt\/loja\/produto\/cabo-banho-branco-225-x-515-cm\/","title":{"rendered":"Cabo de banho; branco; 22,5 x 51,5 cm"},"content":{"rendered":"","protected":false},"excerpt":{"rendered":"<p>Al\u00e7a de banho em a\u00e7o inoxid\u00e1vel e alum\u00ednio; largura ajust\u00e1vel (m\u00ednimo 75 mm \/ m\u00e1ximo 100 mm); cor branco; montado por sistema de press\u00e3o sem necessidade de fazer furo; 22,5 x 51,5 cm<\/p>\n","protected":false},"featured_media":71012,"comment_status":"open","ping_status":"closed","template":"","meta":[],"product_brand":[],"product_cat":[17644,18004],"product_tag":[],"class_list":{"0":"post-71013","1":"product","2":"type-product","3":"status-publish","4":"has-post-thumbnail","6":"product_cat-seguranca-do-banheiro-construcao","7":"product_cat-construcao","9":"first","10":"instock","11":"taxable","12":"shipping-taxable","13":"purchasable","14":"product-type-simple"},"_links":{"self":[{"href":"https:\/\/casafreitas.pt\/loja\/wp-json\/wp\/v2\/product\/71013","targetHints":{"allow":["GET"]}}],"collection":[{"href":"https:\/\/casafreitas.pt\/loja\/wp-json\/wp\/v2\/product"}],"about":[{"href":"https:\/\/casafreitas.pt\/loja\/wp-json\/wp\/v2\/types\/product"}],"replies":[{"embeddable":true,"href":"https:\/\/casafreitas.pt\/loja\/wp-json\/wp\/v2\/comments?post=71013"}],"version-history":[{"count":1,"href":"https:\/\/casafreitas.pt\/loja\/wp-json\/wp\/v2\/product\/71013\/revisions"}],"predecessor-version":[{"id":71014,"href":"https:\/\/casafreitas.pt\/loja\/wp-json\/wp\/v2\/product\/71013\/revisions\/71014"}],"wp:featuredmedia":[{"embeddable":true,"href":"https:\/\/casafreitas.pt\/loja\/wp-json\/wp\/v2\/media\/71012"}],"wp:attachment":[{"href":"https:\/\/casafreitas.pt\/loja\/wp-json\/wp\/v2\/media?parent=71013"}],"wp:term":[{"taxonomy":"product_brand","embeddable":true,"href":"https:\/\/casafreitas.pt\/loja\/wp-json\/wp\/v2\/product_brand?post=71013"},{"taxonomy":"product_cat","embeddable":true,"href":"https:\/\/casafreitas.pt\/loja\/wp-json\/wp\/v2\/product_cat?post=71013"},{"taxonomy":"product_tag","embeddable":true,"href":"https:\/\/casafreitas.pt\/loja\/wp-json\/wp\/v2\/product_tag?post=71013"}],"curies":[{"name":"wp","href":"https:\/\/api.w.org\/{rel}","templated":true}]}}