{"id":70914,"date":"2025-09-24T08:49:54","date_gmt":"2025-09-24T08:49:54","guid":{"rendered":"https:\/\/casafreitas.pt\/loja\/produto\/kit-reparacao-manutencao-bicicletas-20-pecas\/"},"modified":"2025-10-24T00:33:46","modified_gmt":"2025-10-24T00:33:46","slug":"kit-reparacao-manutencao-bicicletas-20-pecas","status":"publish","type":"product","link":"https:\/\/casafreitas.pt\/loja\/produto\/kit-reparacao-manutencao-bicicletas-20-pecas\/","title":{"rendered":"Kit de repara\u00e7\u00e3o e manuten\u00e7\u00e3o de bicicletas, 20 pe\u00e7as"},"content":{"rendered":"","protected":false},"excerpt":{"rendered":"<p>Kit para repara\u00e7\u00e3o e manuten\u00e7\u00e3o de bicicletas, inclui: chave de corrente, ferramenta para casquilho, chave de pedal 15 mm, chave allen 8 mm, chave de soquete ou extrator, 6 chaves allen (2\/2,5\/3\/4\/5\/6 mm) 4\/5\/6 mm com cabe\u00e7a de esfera, 3 alavancas de roda, disjuntor de corrente (6 &#8211; 10 velocidades), chave de raio (9\/10\/11\/12\/13\/14\/2 x 15), saqueador de pedaleira tipo quadrado, ferramenta de pedaleira para virabrequim hollowtech ii, saqueador de cassete shimano hg, chave torx (t25) e mala de armazenamento e transporte, 28,5 x 6 x21 cm<\/p>\n","protected":false},"featured_media":70913,"comment_status":"open","ping_status":"closed","template":"","meta":[],"product_brand":[],"product_cat":[17750,18005],"product_tag":[12470],"class_list":{"0":"post-70914","1":"product","2":"type-product","3":"status-publish","4":"has-post-thumbnail","6":"product_cat-ciclismo-desporto-e-campismo","7":"product_cat-desporto-campismo","8":"product_tag-kinzo-npt","10":"first","11":"instock","12":"taxable","13":"shipping-taxable","14":"purchasable","15":"product-type-simple"},"_links":{"self":[{"href":"https:\/\/casafreitas.pt\/loja\/wp-json\/wp\/v2\/product\/70914","targetHints":{"allow":["GET"]}}],"collection":[{"href":"https:\/\/casafreitas.pt\/loja\/wp-json\/wp\/v2\/product"}],"about":[{"href":"https:\/\/casafreitas.pt\/loja\/wp-json\/wp\/v2\/types\/product"}],"replies":[{"embeddable":true,"href":"https:\/\/casafreitas.pt\/loja\/wp-json\/wp\/v2\/comments?post=70914"}],"version-history":[{"count":1,"href":"https:\/\/casafreitas.pt\/loja\/wp-json\/wp\/v2\/product\/70914\/revisions"}],"predecessor-version":[{"id":70915,"href":"https:\/\/casafreitas.pt\/loja\/wp-json\/wp\/v2\/product\/70914\/revisions\/70915"}],"wp:featuredmedia":[{"embeddable":true,"href":"https:\/\/casafreitas.pt\/loja\/wp-json\/wp\/v2\/media\/70913"}],"wp:attachment":[{"href":"https:\/\/casafreitas.pt\/loja\/wp-json\/wp\/v2\/media?parent=70914"}],"wp:term":[{"taxonomy":"product_brand","embeddable":true,"href":"https:\/\/casafreitas.pt\/loja\/wp-json\/wp\/v2\/product_brand?post=70914"},{"taxonomy":"product_cat","embeddable":true,"href":"https:\/\/casafreitas.pt\/loja\/wp-json\/wp\/v2\/product_cat?post=70914"},{"taxonomy":"product_tag","embeddable":true,"href":"https:\/\/casafreitas.pt\/loja\/wp-json\/wp\/v2\/product_tag?post=70914"}],"curies":[{"name":"wp","href":"https:\/\/api.w.org\/{rel}","templated":true}]}}