{"id":70884,"date":"2025-09-24T08:48:24","date_gmt":"2025-09-24T08:48:24","guid":{"rendered":"https:\/\/casafreitas.pt\/loja\/produto\/kit-esticadores-para-carro-8-pecas-dunlop\/"},"modified":"2025-10-24T00:33:45","modified_gmt":"2025-10-24T00:33:45","slug":"kit-esticadores-para-carro-8-pecas-dunlop","status":"publish","type":"product","link":"https:\/\/casafreitas.pt\/loja\/produto\/kit-esticadores-para-carro-8-pecas-dunlop\/","title":{"rendered":"Kit esticadores para carro 8 pe\u00e7as dunlop"},"content":{"rendered":"","protected":false},"excerpt":{"rendered":"<p>Kit esticadores para carro 8 pe\u00e7as dunlop. inclui 2 esticadores de 2.5m, 1 correia de 5m, 1 correia de 5m com catraca, 2 cabos el\u00e1sticos de 60cm com ganchos, 1 cabo el\u00e1stico de 80cm com ganchos, 1 cabo el\u00e1stico de 10cm com ganchos<\/p>\n","protected":false},"featured_media":70883,"comment_status":"open","ping_status":"closed","template":"","meta":[],"product_brand":[],"product_cat":[17754,18005],"product_tag":[],"class_list":{"0":"post-70884","1":"product","2":"type-product","3":"status-publish","4":"has-post-thumbnail","6":"product_cat-elastico-com-gancho-correias-de-amarre-desporto-e-campismo","7":"product_cat-desporto-campismo","9":"first","10":"instock","11":"taxable","12":"shipping-taxable","13":"purchasable","14":"product-type-simple"},"_links":{"self":[{"href":"https:\/\/casafreitas.pt\/loja\/wp-json\/wp\/v2\/product\/70884","targetHints":{"allow":["GET"]}}],"collection":[{"href":"https:\/\/casafreitas.pt\/loja\/wp-json\/wp\/v2\/product"}],"about":[{"href":"https:\/\/casafreitas.pt\/loja\/wp-json\/wp\/v2\/types\/product"}],"replies":[{"embeddable":true,"href":"https:\/\/casafreitas.pt\/loja\/wp-json\/wp\/v2\/comments?post=70884"}],"version-history":[{"count":1,"href":"https:\/\/casafreitas.pt\/loja\/wp-json\/wp\/v2\/product\/70884\/revisions"}],"predecessor-version":[{"id":70885,"href":"https:\/\/casafreitas.pt\/loja\/wp-json\/wp\/v2\/product\/70884\/revisions\/70885"}],"wp:featuredmedia":[{"embeddable":true,"href":"https:\/\/casafreitas.pt\/loja\/wp-json\/wp\/v2\/media\/70883"}],"wp:attachment":[{"href":"https:\/\/casafreitas.pt\/loja\/wp-json\/wp\/v2\/media?parent=70884"}],"wp:term":[{"taxonomy":"product_brand","embeddable":true,"href":"https:\/\/casafreitas.pt\/loja\/wp-json\/wp\/v2\/product_brand?post=70884"},{"taxonomy":"product_cat","embeddable":true,"href":"https:\/\/casafreitas.pt\/loja\/wp-json\/wp\/v2\/product_cat?post=70884"},{"taxonomy":"product_tag","embeddable":true,"href":"https:\/\/casafreitas.pt\/loja\/wp-json\/wp\/v2\/product_tag?post=70884"}],"curies":[{"name":"wp","href":"https:\/\/api.w.org\/{rel}","templated":true}]}}