{"id":70545,"date":"2025-09-24T08:32:34","date_gmt":"2025-09-24T08:32:34","guid":{"rendered":"https:\/\/casafreitas.pt\/loja\/produto\/conjunto-limpeza-carro-5-pecas\/"},"modified":"2025-10-24T00:33:35","modified_gmt":"2025-10-24T00:33:35","slug":"conjunto-limpeza-carro-5-pecas","status":"publish","type":"product","link":"https:\/\/casafreitas.pt\/loja\/produto\/conjunto-limpeza-carro-5-pecas\/","title":{"rendered":"Conjunto de limpeza de carro, 5 pe\u00e7as"},"content":{"rendered":"","protected":false},"excerpt":{"rendered":"<p>Conjunto de limpeza de carros. inclui 5 pe\u00e7as: esponja de lavagem, polimento de painel com aroma de baunilha, pano de microfibra, camur\u00e7a e escova de aro<\/p>\n","protected":false},"featured_media":70544,"comment_status":"open","ping_status":"closed","template":"","meta":[],"product_brand":[],"product_cat":[17766,18005],"product_tag":[],"class_list":{"0":"post-70545","1":"product","2":"type-product","3":"status-publish","4":"has-post-thumbnail","6":"product_cat-limpeza-desporto-e-campismo","7":"product_cat-desporto-campismo","9":"first","10":"instock","11":"taxable","12":"shipping-taxable","13":"purchasable","14":"product-type-simple"},"_links":{"self":[{"href":"https:\/\/casafreitas.pt\/loja\/wp-json\/wp\/v2\/product\/70545","targetHints":{"allow":["GET"]}}],"collection":[{"href":"https:\/\/casafreitas.pt\/loja\/wp-json\/wp\/v2\/product"}],"about":[{"href":"https:\/\/casafreitas.pt\/loja\/wp-json\/wp\/v2\/types\/product"}],"replies":[{"embeddable":true,"href":"https:\/\/casafreitas.pt\/loja\/wp-json\/wp\/v2\/comments?post=70545"}],"version-history":[{"count":1,"href":"https:\/\/casafreitas.pt\/loja\/wp-json\/wp\/v2\/product\/70545\/revisions"}],"predecessor-version":[{"id":70546,"href":"https:\/\/casafreitas.pt\/loja\/wp-json\/wp\/v2\/product\/70545\/revisions\/70546"}],"wp:featuredmedia":[{"embeddable":true,"href":"https:\/\/casafreitas.pt\/loja\/wp-json\/wp\/v2\/media\/70544"}],"wp:attachment":[{"href":"https:\/\/casafreitas.pt\/loja\/wp-json\/wp\/v2\/media?parent=70545"}],"wp:term":[{"taxonomy":"product_brand","embeddable":true,"href":"https:\/\/casafreitas.pt\/loja\/wp-json\/wp\/v2\/product_brand?post=70545"},{"taxonomy":"product_cat","embeddable":true,"href":"https:\/\/casafreitas.pt\/loja\/wp-json\/wp\/v2\/product_cat?post=70545"},{"taxonomy":"product_tag","embeddable":true,"href":"https:\/\/casafreitas.pt\/loja\/wp-json\/wp\/v2\/product_tag?post=70545"}],"curies":[{"name":"wp","href":"https:\/\/api.w.org\/{rel}","templated":true}]}}