{"id":70362,"date":"2025-09-24T08:24:30","date_gmt":"2025-09-24T08:24:30","guid":{"rendered":"https:\/\/casafreitas.pt\/loja\/produto\/e2302-cesta-publicidade-aco-prata-22-x-19-x-355-cm\/"},"modified":"2025-10-24T00:33:28","modified_gmt":"2025-10-24T00:33:28","slug":"e2302-cesta-publicidade-aco-prata-22-x-19-x-355-cm","status":"publish","type":"product","link":"https:\/\/casafreitas.pt\/loja\/produto\/e2302-cesta-publicidade-aco-prata-22-x-19-x-355-cm\/","title":{"rendered":"E2302 cesta de publicidade, a\u00e7o, prata, 22 x 19 x 35,5 cm"},"content":{"rendered":"","protected":false},"excerpt":{"rendered":"<p>Cesto publicit\u00e1rio cl\u00e1ssico, a\u00e7o, prata, para coloca\u00e7\u00e3o na entrada de edif\u00edcios ou portas externas; para coleta de publicidade externa, grade frontal, visibilidade interna total, capacidade de 7,5 l; dimens\u00f5es 22 x 19 x 35,5 cm<\/p>\n","protected":false},"featured_media":70361,"comment_status":"open","ping_status":"closed","template":"","meta":[],"product_brand":[],"product_cat":[17685,18003],"product_tag":[12460],"class_list":{"0":"post-70362","1":"product","2":"type-product","3":"status-publish","4":"has-post-thumbnail","6":"product_cat-caixas-de-correio-casa-e-decoracao","7":"product_cat-casa-decoracao","8":"product_tag-arregui","10":"first","11":"instock","12":"taxable","13":"shipping-taxable","14":"purchasable","15":"product-type-simple"},"_links":{"self":[{"href":"https:\/\/casafreitas.pt\/loja\/wp-json\/wp\/v2\/product\/70362","targetHints":{"allow":["GET"]}}],"collection":[{"href":"https:\/\/casafreitas.pt\/loja\/wp-json\/wp\/v2\/product"}],"about":[{"href":"https:\/\/casafreitas.pt\/loja\/wp-json\/wp\/v2\/types\/product"}],"replies":[{"embeddable":true,"href":"https:\/\/casafreitas.pt\/loja\/wp-json\/wp\/v2\/comments?post=70362"}],"version-history":[{"count":1,"href":"https:\/\/casafreitas.pt\/loja\/wp-json\/wp\/v2\/product\/70362\/revisions"}],"predecessor-version":[{"id":70363,"href":"https:\/\/casafreitas.pt\/loja\/wp-json\/wp\/v2\/product\/70362\/revisions\/70363"}],"wp:featuredmedia":[{"embeddable":true,"href":"https:\/\/casafreitas.pt\/loja\/wp-json\/wp\/v2\/media\/70361"}],"wp:attachment":[{"href":"https:\/\/casafreitas.pt\/loja\/wp-json\/wp\/v2\/media?parent=70362"}],"wp:term":[{"taxonomy":"product_brand","embeddable":true,"href":"https:\/\/casafreitas.pt\/loja\/wp-json\/wp\/v2\/product_brand?post=70362"},{"taxonomy":"product_cat","embeddable":true,"href":"https:\/\/casafreitas.pt\/loja\/wp-json\/wp\/v2\/product_cat?post=70362"},{"taxonomy":"product_tag","embeddable":true,"href":"https:\/\/casafreitas.pt\/loja\/wp-json\/wp\/v2\/product_tag?post=70362"}],"curies":[{"name":"wp","href":"https:\/\/api.w.org\/{rel}","templated":true}]}}