{"id":70344,"date":"2025-09-24T08:23:44","date_gmt":"2025-09-24T08:23:44","guid":{"rendered":"https:\/\/casafreitas.pt\/loja\/produto\/caixa-correio-individual-exterior-media-residencia-aluminio-verde-26-x-9-x-42-cm\/"},"modified":"2025-10-24T00:33:28","modified_gmt":"2025-10-24T00:33:28","slug":"caixa-correio-individual-exterior-media-residencia-aluminio-verde-26-x-9-x-42-cm","status":"publish","type":"product","link":"https:\/\/casafreitas.pt\/loja\/produto\/caixa-correio-individual-exterior-media-residencia-aluminio-verde-26-x-9-x-42-cm\/","title":{"rendered":"Caixa de correio individual exterior m\u00e9dia, resid\u00eancia, alum\u00ednio, verde, 26 x 9 x 42 cm"},"content":{"rendered":"","protected":false},"excerpt":{"rendered":"<p>Buz\u00f3n individual para exterior tama\u00f1o m (a4), corpo de alum\u00ednio e parte traseira de a\u00e7o galvanizado, envernizado verde; boca com mola para que esteja sempre fechada, s\u00edmbolo her\u00e1ldico frontal; abertura de porta vertical; inclui porta-cart\u00f5es, duas chaves e parafusos; resistente aos raios uv; medidas: boca 22 x 3,5 cm, exterior 26 x 9 x 42 cm<\/p>\n","protected":false},"featured_media":70343,"comment_status":"open","ping_status":"closed","template":"","meta":[],"product_brand":[],"product_cat":[17685,18003],"product_tag":[12460],"class_list":{"0":"post-70344","1":"product","2":"type-product","3":"status-publish","4":"has-post-thumbnail","6":"product_cat-caixas-de-correio-casa-e-decoracao","7":"product_cat-casa-decoracao","8":"product_tag-arregui","10":"first","11":"instock","12":"taxable","13":"shipping-taxable","14":"purchasable","15":"product-type-simple"},"_links":{"self":[{"href":"https:\/\/casafreitas.pt\/loja\/wp-json\/wp\/v2\/product\/70344","targetHints":{"allow":["GET"]}}],"collection":[{"href":"https:\/\/casafreitas.pt\/loja\/wp-json\/wp\/v2\/product"}],"about":[{"href":"https:\/\/casafreitas.pt\/loja\/wp-json\/wp\/v2\/types\/product"}],"replies":[{"embeddable":true,"href":"https:\/\/casafreitas.pt\/loja\/wp-json\/wp\/v2\/comments?post=70344"}],"version-history":[{"count":1,"href":"https:\/\/casafreitas.pt\/loja\/wp-json\/wp\/v2\/product\/70344\/revisions"}],"predecessor-version":[{"id":70345,"href":"https:\/\/casafreitas.pt\/loja\/wp-json\/wp\/v2\/product\/70344\/revisions\/70345"}],"wp:featuredmedia":[{"embeddable":true,"href":"https:\/\/casafreitas.pt\/loja\/wp-json\/wp\/v2\/media\/70343"}],"wp:attachment":[{"href":"https:\/\/casafreitas.pt\/loja\/wp-json\/wp\/v2\/media?parent=70344"}],"wp:term":[{"taxonomy":"product_brand","embeddable":true,"href":"https:\/\/casafreitas.pt\/loja\/wp-json\/wp\/v2\/product_brand?post=70344"},{"taxonomy":"product_cat","embeddable":true,"href":"https:\/\/casafreitas.pt\/loja\/wp-json\/wp\/v2\/product_cat?post=70344"},{"taxonomy":"product_tag","embeddable":true,"href":"https:\/\/casafreitas.pt\/loja\/wp-json\/wp\/v2\/product_tag?post=70344"}],"curies":[{"name":"wp","href":"https:\/\/api.w.org\/{rel}","templated":true}]}}