{"id":70326,"date":"2025-09-24T08:23:01","date_gmt":"2025-09-24T08:23:01","guid":{"rendered":"https:\/\/casafreitas.pt\/loja\/produto\/caixa-correio-individual-exterior-pequena-zaguan-aco-verde-22-x-8-x-32-cm\/"},"modified":"2025-10-24T00:33:27","modified_gmt":"2025-10-24T00:33:27","slug":"caixa-correio-individual-exterior-pequena-zaguan-aco-verde-22-x-8-x-32-cm","status":"publish","type":"product","link":"https:\/\/casafreitas.pt\/loja\/produto\/caixa-correio-individual-exterior-pequena-zaguan-aco-verde-22-x-8-x-32-cm\/","title":{"rendered":"Caixa de correio individual exterior pequena zagu\u00e1n, a\u00e7o, verde, 22 x 8 x 32 cm"},"content":{"rendered":"","protected":false},"excerpt":{"rendered":"<p>Caixa de correio individual para exterior tamanho s (a5), fabricada em a\u00e7o galvanizado lacado verde; pode ser usada como recolhedor de cartas gra\u00e7as \u00e0 sua abertura posterior; abertura de porta vertical; inclui suporte para cart\u00f5es, duas chaves e parafusos; resistente aos raios uv; medidas: boca 18,2 x 3 cm, recolhedor de cartas 19,7 x 2 cm, exterior 22 x 8 x 32 cm<\/p>\n","protected":false},"featured_media":70325,"comment_status":"open","ping_status":"closed","template":"","meta":[],"product_brand":[],"product_cat":[17685,18003],"product_tag":[12460],"class_list":{"0":"post-70326","1":"product","2":"type-product","3":"status-publish","4":"has-post-thumbnail","6":"product_cat-caixas-de-correio-casa-e-decoracao","7":"product_cat-casa-decoracao","8":"product_tag-arregui","10":"first","11":"instock","12":"taxable","13":"shipping-taxable","14":"purchasable","15":"product-type-simple"},"_links":{"self":[{"href":"https:\/\/casafreitas.pt\/loja\/wp-json\/wp\/v2\/product\/70326","targetHints":{"allow":["GET"]}}],"collection":[{"href":"https:\/\/casafreitas.pt\/loja\/wp-json\/wp\/v2\/product"}],"about":[{"href":"https:\/\/casafreitas.pt\/loja\/wp-json\/wp\/v2\/types\/product"}],"replies":[{"embeddable":true,"href":"https:\/\/casafreitas.pt\/loja\/wp-json\/wp\/v2\/comments?post=70326"}],"version-history":[{"count":1,"href":"https:\/\/casafreitas.pt\/loja\/wp-json\/wp\/v2\/product\/70326\/revisions"}],"predecessor-version":[{"id":70327,"href":"https:\/\/casafreitas.pt\/loja\/wp-json\/wp\/v2\/product\/70326\/revisions\/70327"}],"wp:featuredmedia":[{"embeddable":true,"href":"https:\/\/casafreitas.pt\/loja\/wp-json\/wp\/v2\/media\/70325"}],"wp:attachment":[{"href":"https:\/\/casafreitas.pt\/loja\/wp-json\/wp\/v2\/media?parent=70326"}],"wp:term":[{"taxonomy":"product_brand","embeddable":true,"href":"https:\/\/casafreitas.pt\/loja\/wp-json\/wp\/v2\/product_brand?post=70326"},{"taxonomy":"product_cat","embeddable":true,"href":"https:\/\/casafreitas.pt\/loja\/wp-json\/wp\/v2\/product_cat?post=70326"},{"taxonomy":"product_tag","embeddable":true,"href":"https:\/\/casafreitas.pt\/loja\/wp-json\/wp\/v2\/product_tag?post=70326"}],"curies":[{"name":"wp","href":"https:\/\/api.w.org\/{rel}","templated":true}]}}