{"id":70287,"date":"2025-09-24T08:21:12","date_gmt":"2025-09-24T08:21:12","guid":{"rendered":"https:\/\/casafreitas.pt\/loja\/produto\/carregador-inteligente-baterias-invercar-3800-6-12v-3-5a-carros-motas-solter\/"},"modified":"2025-10-24T00:33:26","modified_gmt":"2025-10-24T00:33:26","slug":"carregador-inteligente-baterias-invercar-3800-6-12v-3-5a-carros-motas-solter","status":"publish","type":"product","link":"https:\/\/casafreitas.pt\/loja\/produto\/carregador-inteligente-baterias-invercar-3800-6-12v-3-5a-carros-motas-solter\/","title":{"rendered":"Carregador inteligente de baterias invercar 3800 6\/12v 3.5a (carros e motas) solter"},"content":{"rendered":"","protected":false},"excerpt":{"rendered":"<p>Carregador inteligente de baterias invercar 3800 6\/12v 3.5a solter.para baterias de at\u00e9 120a de chumbo-\u00e1cido, agm, gel e l\u00edtio-ion. carregador inteligente invercar 3800 de 8 etapas: passo 1: diagn\u00f3stico (verifica que a bateria est\u00e1 conectada e que a tens\u00e3o \u00e9 correta para iniciar a carga) passo 2: desulfura\u00e7\u00e3o (se a tens\u00e3o que pode durar 5 horas) passo 3: an\u00e1lise (verificar que a bateria est\u00e1 a um n\u00edvel de tens\u00e3o \u00f3tima despois da desulfura\u00e7\u00e3o para iniciar a carga) passo 4: arranque (carga a corrente constante em diferentes n\u00edveis) passo 5: carga (carga a corrente m\u00e1xima at\u00e9 alcan\u00e7ar a tens\u00e3o de carga para a bateria) passo 6: absor\u00e7\u00e3o (mant\u00e9m a tens\u00e3o de carga a bateria e a corrente diminui progressivamente) passo 7: an\u00e1lise (verificar se a bateria mant\u00e9m a carga) passo 8: manuten\u00e7\u00e3o (contro<\/p>\n","protected":false},"featured_media":70286,"comment_status":"open","ping_status":"closed","template":"","meta":[],"product_brand":[],"product_cat":[17744,18005],"product_tag":[],"class_list":{"0":"post-70287","1":"product","2":"type-product","3":"status-publish","4":"has-post-thumbnail","6":"product_cat-arranque-carregador-grampos-desporto-e-campismo","7":"product_cat-desporto-campismo","9":"first","10":"instock","11":"taxable","12":"shipping-taxable","13":"purchasable","14":"product-type-simple"},"_links":{"self":[{"href":"https:\/\/casafreitas.pt\/loja\/wp-json\/wp\/v2\/product\/70287","targetHints":{"allow":["GET"]}}],"collection":[{"href":"https:\/\/casafreitas.pt\/loja\/wp-json\/wp\/v2\/product"}],"about":[{"href":"https:\/\/casafreitas.pt\/loja\/wp-json\/wp\/v2\/types\/product"}],"replies":[{"embeddable":true,"href":"https:\/\/casafreitas.pt\/loja\/wp-json\/wp\/v2\/comments?post=70287"}],"version-history":[{"count":1,"href":"https:\/\/casafreitas.pt\/loja\/wp-json\/wp\/v2\/product\/70287\/revisions"}],"predecessor-version":[{"id":70288,"href":"https:\/\/casafreitas.pt\/loja\/wp-json\/wp\/v2\/product\/70287\/revisions\/70288"}],"wp:featuredmedia":[{"embeddable":true,"href":"https:\/\/casafreitas.pt\/loja\/wp-json\/wp\/v2\/media\/70286"}],"wp:attachment":[{"href":"https:\/\/casafreitas.pt\/loja\/wp-json\/wp\/v2\/media?parent=70287"}],"wp:term":[{"taxonomy":"product_brand","embeddable":true,"href":"https:\/\/casafreitas.pt\/loja\/wp-json\/wp\/v2\/product_brand?post=70287"},{"taxonomy":"product_cat","embeddable":true,"href":"https:\/\/casafreitas.pt\/loja\/wp-json\/wp\/v2\/product_cat?post=70287"},{"taxonomy":"product_tag","embeddable":true,"href":"https:\/\/casafreitas.pt\/loja\/wp-json\/wp\/v2\/product_tag?post=70287"}],"curies":[{"name":"wp","href":"https:\/\/api.w.org\/{rel}","templated":true}]}}