{"id":70136,"date":"2025-09-24T00:00:15","date_gmt":"2025-09-24T00:00:15","guid":{"rendered":"https:\/\/casafreitas.pt\/loja\/produto\/fogareiro-campismo-gas-com-gas\/"},"modified":"2025-11-28T22:01:38","modified_gmt":"2025-11-28T22:01:38","slug":"fogareiro-campismo-gas-com-gas","status":"publish","type":"product","link":"https:\/\/casafreitas.pt\/loja\/produto\/fogareiro-campismo-gas-com-gas\/","title":{"rendered":"Fogareiro de campismo a g\u00e1s com gas"},"content":{"rendered":"","protected":false},"excerpt":{"rendered":"<p>Fogareiro de campismo a g\u00e1s com gas. port\u00e1til. ideal para campismo, casa, barcos, etc. cartucho n\u00e3o inclu\u00eddo. autonomia m\u00ednima de 2h e m\u00e1ximo de 6h. igni\u00e7\u00e3o piezoel\u00e9trica. intensidade da chama ajust\u00e1vel<\/p>\n","protected":false},"featured_media":70135,"comment_status":"open","ping_status":"closed","template":"","meta":[],"product_brand":[],"product_cat":[17755,18005],"product_tag":[],"class_list":{"0":"post-70136","1":"product","2":"type-product","3":"status-publish","4":"has-post-thumbnail","6":"product_cat-fogoes-desporto-e-campismo","7":"product_cat-desporto-campismo","9":"first","10":"instock","11":"taxable","12":"shipping-taxable","13":"purchasable","14":"product-type-simple"},"_links":{"self":[{"href":"https:\/\/casafreitas.pt\/loja\/wp-json\/wp\/v2\/product\/70136","targetHints":{"allow":["GET"]}}],"collection":[{"href":"https:\/\/casafreitas.pt\/loja\/wp-json\/wp\/v2\/product"}],"about":[{"href":"https:\/\/casafreitas.pt\/loja\/wp-json\/wp\/v2\/types\/product"}],"replies":[{"embeddable":true,"href":"https:\/\/casafreitas.pt\/loja\/wp-json\/wp\/v2\/comments?post=70136"}],"version-history":[{"count":1,"href":"https:\/\/casafreitas.pt\/loja\/wp-json\/wp\/v2\/product\/70136\/revisions"}],"predecessor-version":[{"id":70137,"href":"https:\/\/casafreitas.pt\/loja\/wp-json\/wp\/v2\/product\/70136\/revisions\/70137"}],"wp:featuredmedia":[{"embeddable":true,"href":"https:\/\/casafreitas.pt\/loja\/wp-json\/wp\/v2\/media\/70135"}],"wp:attachment":[{"href":"https:\/\/casafreitas.pt\/loja\/wp-json\/wp\/v2\/media?parent=70136"}],"wp:term":[{"taxonomy":"product_brand","embeddable":true,"href":"https:\/\/casafreitas.pt\/loja\/wp-json\/wp\/v2\/product_brand?post=70136"},{"taxonomy":"product_cat","embeddable":true,"href":"https:\/\/casafreitas.pt\/loja\/wp-json\/wp\/v2\/product_cat?post=70136"},{"taxonomy":"product_tag","embeddable":true,"href":"https:\/\/casafreitas.pt\/loja\/wp-json\/wp\/v2\/product_tag?post=70136"}],"curies":[{"name":"wp","href":"https:\/\/api.w.org\/{rel}","templated":true}]}}