{"id":70021,"date":"2025-09-23T17:34:31","date_gmt":"2025-09-23T17:34:31","guid":{"rendered":"https:\/\/casafreitas.pt\/loja\/produto\/oculos-para-ciclismo-com-capa-cores-sortidas-dunlop\/"},"modified":"2025-10-24T00:33:19","modified_gmt":"2025-10-24T00:33:19","slug":"oculos-para-ciclismo-com-capa-cores-sortidas-dunlop","status":"publish","type":"product","link":"https:\/\/casafreitas.pt\/loja\/produto\/oculos-para-ciclismo-com-capa-cores-sortidas-dunlop\/","title":{"rendered":"\u00d3culos para ciclismo com capa, cores sortidas. dunlop"},"content":{"rendered":"","protected":false},"excerpt":{"rendered":"<p>\u00d3culos para ciclismo com capa, cores sortidas, \u00e9 um complemento para os ciclistas que necessitam proteger os olhos do vento, p\u00f3 e do sol. dunlop<\/p>\n","protected":false},"featured_media":70020,"comment_status":"open","ping_status":"closed","template":"","meta":[],"product_brand":[],"product_cat":[17750,18005],"product_tag":[],"class_list":{"0":"post-70021","1":"product","2":"type-product","3":"status-publish","4":"has-post-thumbnail","6":"product_cat-ciclismo-desporto-e-campismo","7":"product_cat-desporto-campismo","9":"first","10":"instock","11":"taxable","12":"shipping-taxable","13":"purchasable","14":"product-type-simple"},"_links":{"self":[{"href":"https:\/\/casafreitas.pt\/loja\/wp-json\/wp\/v2\/product\/70021","targetHints":{"allow":["GET"]}}],"collection":[{"href":"https:\/\/casafreitas.pt\/loja\/wp-json\/wp\/v2\/product"}],"about":[{"href":"https:\/\/casafreitas.pt\/loja\/wp-json\/wp\/v2\/types\/product"}],"replies":[{"embeddable":true,"href":"https:\/\/casafreitas.pt\/loja\/wp-json\/wp\/v2\/comments?post=70021"}],"version-history":[{"count":1,"href":"https:\/\/casafreitas.pt\/loja\/wp-json\/wp\/v2\/product\/70021\/revisions"}],"predecessor-version":[{"id":70022,"href":"https:\/\/casafreitas.pt\/loja\/wp-json\/wp\/v2\/product\/70021\/revisions\/70022"}],"wp:featuredmedia":[{"embeddable":true,"href":"https:\/\/casafreitas.pt\/loja\/wp-json\/wp\/v2\/media\/70020"}],"wp:attachment":[{"href":"https:\/\/casafreitas.pt\/loja\/wp-json\/wp\/v2\/media?parent=70021"}],"wp:term":[{"taxonomy":"product_brand","embeddable":true,"href":"https:\/\/casafreitas.pt\/loja\/wp-json\/wp\/v2\/product_brand?post=70021"},{"taxonomy":"product_cat","embeddable":true,"href":"https:\/\/casafreitas.pt\/loja\/wp-json\/wp\/v2\/product_cat?post=70021"},{"taxonomy":"product_tag","embeddable":true,"href":"https:\/\/casafreitas.pt\/loja\/wp-json\/wp\/v2\/product_tag?post=70021"}],"curies":[{"name":"wp","href":"https:\/\/api.w.org\/{rel}","templated":true}]}}