{"id":70018,"date":"2025-09-23T17:34:18","date_gmt":"2025-09-23T17:34:18","guid":{"rendered":"https:\/\/casafreitas.pt\/loja\/produto\/capacete-bicicleta-com-leds-vermelhos-tamanho-l-58-61-cm\/"},"modified":"2025-10-24T00:33:19","modified_gmt":"2025-10-24T00:33:19","slug":"capacete-bicicleta-com-leds-vermelhos-tamanho-l-58-61-cm","status":"publish","type":"product","link":"https:\/\/casafreitas.pt\/loja\/produto\/capacete-bicicleta-com-leds-vermelhos-tamanho-l-58-61-cm\/","title":{"rendered":"Capacete de bicicleta com leds vermelhos tamanho l 58-61 cm"},"content":{"rendered":"","protected":false},"excerpt":{"rendered":"<p>Capacete de bicicleta com 6 leds vermelhos na parte traseira, tamanho l, 3 posi\u00e7\u00f5es de funcionamento, utiliza 1 bateria cr1620 3v inclu\u00edda. oferece prote\u00e7\u00e3o e seguran\u00e7a suficientes, com um sistema de ajuste de 58 a 61cm, f\u00e1cil de obter o ajuste adequado<\/p>\n","protected":false},"featured_media":70017,"comment_status":"open","ping_status":"closed","template":"","meta":[],"product_brand":[],"product_cat":[17750,18005],"product_tag":[],"class_list":{"0":"post-70018","1":"product","2":"type-product","3":"status-publish","4":"has-post-thumbnail","6":"product_cat-ciclismo-desporto-e-campismo","7":"product_cat-desporto-campismo","9":"first","10":"instock","11":"taxable","12":"shipping-taxable","13":"purchasable","14":"product-type-simple"},"_links":{"self":[{"href":"https:\/\/casafreitas.pt\/loja\/wp-json\/wp\/v2\/product\/70018","targetHints":{"allow":["GET"]}}],"collection":[{"href":"https:\/\/casafreitas.pt\/loja\/wp-json\/wp\/v2\/product"}],"about":[{"href":"https:\/\/casafreitas.pt\/loja\/wp-json\/wp\/v2\/types\/product"}],"replies":[{"embeddable":true,"href":"https:\/\/casafreitas.pt\/loja\/wp-json\/wp\/v2\/comments?post=70018"}],"version-history":[{"count":1,"href":"https:\/\/casafreitas.pt\/loja\/wp-json\/wp\/v2\/product\/70018\/revisions"}],"predecessor-version":[{"id":70019,"href":"https:\/\/casafreitas.pt\/loja\/wp-json\/wp\/v2\/product\/70018\/revisions\/70019"}],"wp:featuredmedia":[{"embeddable":true,"href":"https:\/\/casafreitas.pt\/loja\/wp-json\/wp\/v2\/media\/70017"}],"wp:attachment":[{"href":"https:\/\/casafreitas.pt\/loja\/wp-json\/wp\/v2\/media?parent=70018"}],"wp:term":[{"taxonomy":"product_brand","embeddable":true,"href":"https:\/\/casafreitas.pt\/loja\/wp-json\/wp\/v2\/product_brand?post=70018"},{"taxonomy":"product_cat","embeddable":true,"href":"https:\/\/casafreitas.pt\/loja\/wp-json\/wp\/v2\/product_cat?post=70018"},{"taxonomy":"product_tag","embeddable":true,"href":"https:\/\/casafreitas.pt\/loja\/wp-json\/wp\/v2\/product_tag?post=70018"}],"curies":[{"name":"wp","href":"https:\/\/api.w.org\/{rel}","templated":true}]}}