{"id":69961,"date":"2025-09-23T17:31:35","date_gmt":"2025-09-23T17:31:35","guid":{"rendered":"https:\/\/casafreitas.pt\/loja\/produto\/organizador-para-automovel-com-sistema-termico-47-5-x-25-x-30-cm\/"},"modified":"2025-10-24T00:33:18","modified_gmt":"2025-10-24T00:33:18","slug":"organizador-para-automovel-com-sistema-termico-47-5-x-25-x-30-cm","status":"publish","type":"product","link":"https:\/\/casafreitas.pt\/loja\/produto\/organizador-para-automovel-com-sistema-termico-47-5-x-25-x-30-cm\/","title":{"rendered":"Organizador para autom\u00f3vel com sistema t\u00e9rmico 47.5 x 25 x 30 cm"},"content":{"rendered":"","protected":false},"excerpt":{"rendered":"<p>Organizador de carro e estante para frigor\u00edfico, com dois compartimentos para porta-copos e v\u00e1rios compartimentos internos e externos, tampa com dupla fun\u00e7\u00e3o: como mesa e como fecho de frigor\u00edfico, puxador para transporte no ombro. 47,5 x 25 x 30 cm<\/p>\n","protected":false},"featured_media":69960,"comment_status":"open","ping_status":"closed","template":"","meta":[],"product_brand":[],"product_cat":[12422,18005],"product_tag":[],"class_list":{"0":"post-69961","1":"product","2":"type-product","3":"status-publish","4":"has-post-thumbnail","6":"product_cat-acessorios-para-carro","7":"product_cat-desporto-campismo","9":"first","10":"instock","11":"taxable","12":"shipping-taxable","13":"purchasable","14":"product-type-simple"},"_links":{"self":[{"href":"https:\/\/casafreitas.pt\/loja\/wp-json\/wp\/v2\/product\/69961","targetHints":{"allow":["GET"]}}],"collection":[{"href":"https:\/\/casafreitas.pt\/loja\/wp-json\/wp\/v2\/product"}],"about":[{"href":"https:\/\/casafreitas.pt\/loja\/wp-json\/wp\/v2\/types\/product"}],"replies":[{"embeddable":true,"href":"https:\/\/casafreitas.pt\/loja\/wp-json\/wp\/v2\/comments?post=69961"}],"version-history":[{"count":1,"href":"https:\/\/casafreitas.pt\/loja\/wp-json\/wp\/v2\/product\/69961\/revisions"}],"predecessor-version":[{"id":69962,"href":"https:\/\/casafreitas.pt\/loja\/wp-json\/wp\/v2\/product\/69961\/revisions\/69962"}],"wp:featuredmedia":[{"embeddable":true,"href":"https:\/\/casafreitas.pt\/loja\/wp-json\/wp\/v2\/media\/69960"}],"wp:attachment":[{"href":"https:\/\/casafreitas.pt\/loja\/wp-json\/wp\/v2\/media?parent=69961"}],"wp:term":[{"taxonomy":"product_brand","embeddable":true,"href":"https:\/\/casafreitas.pt\/loja\/wp-json\/wp\/v2\/product_brand?post=69961"},{"taxonomy":"product_cat","embeddable":true,"href":"https:\/\/casafreitas.pt\/loja\/wp-json\/wp\/v2\/product_cat?post=69961"},{"taxonomy":"product_tag","embeddable":true,"href":"https:\/\/casafreitas.pt\/loja\/wp-json\/wp\/v2\/product_tag?post=69961"}],"curies":[{"name":"wp","href":"https:\/\/api.w.org\/{rel}","templated":true}]}}